{"id":94,"date":"2021-11-30T15:42:07","date_gmt":"2021-11-30T15:42:07","guid":{"rendered":"https:\/\/startersites.io\/blocksy\/petsy\/?post_type=product&#038;p=94"},"modified":"2025-08-01T10:18:11","modified_gmt":"2025-08-01T14:18:11","slug":"porte-filet","status":"publish","type":"product","link":"https:\/\/apcrmed.ca\/en\/product\/porte-filet\/","title":{"rendered":"Porte-filet"},"content":{"rendered":"<p>La porte-filet est fait de filet 100% polyester entour\u00e9 de sangles polypropyl\u00e8nes. Il y a un \u0153illet \u00e0 chaque coin pour pouvoir fixer la porte.\u00a0 Utilis\u00e9 pour emp\u00eacher les usagers de se promener dans d\u2019autres chambres ou dans les couloirs. La porte-filet s\u2019accroche dans le cadre d\u2019une porte de fa\u00e7on que celle-ci s\u2019arr\u00eate \u00e0 la taille de l\u2019usager.<\/p>\n<p>Nous fabriquons des portes filets sur mesure \u00e0 la demande du client.<\/p>\n<p>&nbsp;<\/p>","protected":false},"excerpt":{"rendered":"<p>La porte-filet 100% polyester.<\/p>","protected":false},"featured_media":2438,"template":"","meta":[],"product_brand":[],"product_cat":[7],"product_tag":[],"class_list":{"0":"post-94","1":"product","2":"type-product","3":"status-publish","4":"has-post-thumbnail","6":"product_cat-materiel-medical","8":"first","9":"instock","10":"shipping-taxable","11":"purchasable","12":"product-type-simple"},"_links":{"self":[{"href":"https:\/\/apcrmed.ca\/en\/wp-json\/wp\/v2\/product\/94","targetHints":{"allow":["GET"]}}],"collection":[{"href":"https:\/\/apcrmed.ca\/en\/wp-json\/wp\/v2\/product"}],"about":[{"href":"https:\/\/apcrmed.ca\/en\/wp-json\/wp\/v2\/types\/product"}],"wp:featuredmedia":[{"embeddable":true,"href":"https:\/\/apcrmed.ca\/en\/wp-json\/wp\/v2\/media\/2438"}],"wp:attachment":[{"href":"https:\/\/apcrmed.ca\/en\/wp-json\/wp\/v2\/media?parent=94"}],"wp:term":[{"taxonomy":"product_brand","embeddable":true,"href":"https:\/\/apcrmed.ca\/en\/wp-json\/wp\/v2\/product_brand?post=94"},{"taxonomy":"product_cat","embeddable":true,"href":"https:\/\/apcrmed.ca\/en\/wp-json\/wp\/v2\/product_cat?post=94"},{"taxonomy":"product_tag","embeddable":true,"href":"https:\/\/apcrmed.ca\/en\/wp-json\/wp\/v2\/product_tag?post=94"}],"curies":[{"name":"wp","href":"https:\/\/api.w.org\/{rel}","templated":true}]}}