{"id":2331,"date":"2025-07-28T13:57:22","date_gmt":"2025-07-28T17:57:22","guid":{"rendered":"https:\/\/apcrmed.ca\/?post_type=product&#038;p=2331"},"modified":"2025-08-01T16:19:14","modified_gmt":"2025-08-01T20:19:14","slug":"pique-dincontinence","status":"publish","type":"product","link":"https:\/\/apcrmed.ca\/en\/product\/pique-dincontinence\/","title":{"rendered":"Piqu\u00e9 d&#8217;incontinence"},"content":{"rendered":"<p>Piqu\u00e9s d&#8217;incontinence de grandeurs vari\u00e9es pouvant \u00eatre utilis\u00e9 dans les lits, sur les chaises, les fauteuils roulants, etc.<\/p>\n<p>Nous fabriquons des piqu\u00e9s d&#8217;incontinence sur mesure \u00e0 la demande du client.<\/p>\n<p>&nbsp;<\/p>","protected":false},"excerpt":{"rendered":"<p>Piqu\u00e9s d&#8217;incontinence de grandeurs vari\u00e9es pouvant \u00eatre utilis\u00e9 dans les lits, sur les chaises, les fauteuils roulants, etc. Nous fabriquons des piqu\u00e9s d&#8217;incontinence sur mesure \u00e0 la demande du client. &nbsp;<\/p>","protected":false},"featured_media":2483,"template":"","meta":[],"product_brand":[],"product_cat":[23],"product_tag":[],"class_list":{"0":"post-2331","1":"product","2":"type-product","3":"status-publish","4":"has-post-thumbnail","6":"product_cat-incontinence","8":"first","9":"instock","10":"shipping-taxable","11":"purchasable","12":"product-type-simple"},"_links":{"self":[{"href":"https:\/\/apcrmed.ca\/en\/wp-json\/wp\/v2\/product\/2331","targetHints":{"allow":["GET"]}}],"collection":[{"href":"https:\/\/apcrmed.ca\/en\/wp-json\/wp\/v2\/product"}],"about":[{"href":"https:\/\/apcrmed.ca\/en\/wp-json\/wp\/v2\/types\/product"}],"wp:featuredmedia":[{"embeddable":true,"href":"https:\/\/apcrmed.ca\/en\/wp-json\/wp\/v2\/media\/2483"}],"wp:attachment":[{"href":"https:\/\/apcrmed.ca\/en\/wp-json\/wp\/v2\/media?parent=2331"}],"wp:term":[{"taxonomy":"product_brand","embeddable":true,"href":"https:\/\/apcrmed.ca\/en\/wp-json\/wp\/v2\/product_brand?post=2331"},{"taxonomy":"product_cat","embeddable":true,"href":"https:\/\/apcrmed.ca\/en\/wp-json\/wp\/v2\/product_cat?post=2331"},{"taxonomy":"product_tag","embeddable":true,"href":"https:\/\/apcrmed.ca\/en\/wp-json\/wp\/v2\/product_tag?post=2331"}],"curies":[{"name":"wp","href":"https:\/\/api.w.org\/{rel}","templated":true}]}}