{"id":2327,"date":"2025-07-28T13:55:47","date_gmt":"2025-07-28T17:55:47","guid":{"rendered":"https:\/\/apcrmed.ca\/?post_type=product&#038;p=2327"},"modified":"2025-08-01T16:25:19","modified_gmt":"2025-08-01T20:25:19","slug":"grenouillere-ou-veste-dincontinence","status":"publish","type":"product","link":"https:\/\/apcrmed.ca\/en\/product\/grenouillere-ou-veste-dincontinence\/","title":{"rendered":"Grenouill\u00e8re ou veste d\u2019incontinence"},"content":{"rendered":"<p>Con\u00e7u \u00e0 partir de filet 100% polyester tr\u00e8s robuste avec fermetures \u00e9clairs; partant du haut du dos jusqu\u2019aux chevilles et entre les jambes. La grenouill\u00e8re facilite le changement de culotte. Celle-ci est aussi munie d\u2019une courroie fine dans une glissi\u00e8re permettant d&#8217;ajuster la taille.<\/p>\n<p>&nbsp;<\/p>","protected":false},"excerpt":{"rendered":"<p>Grenouill\u00e8re en filet 100% polyester tr\u00e8s robuste avec fermetures \u00e9clairs.<\/p>","protected":false},"featured_media":2413,"template":"","meta":[],"product_brand":[],"product_cat":[23],"product_tag":[],"class_list":{"0":"post-2327","1":"product","2":"type-product","3":"status-publish","4":"has-post-thumbnail","6":"product_cat-incontinence","8":"first","9":"instock","10":"shipping-taxable","11":"purchasable","12":"product-type-simple"},"_links":{"self":[{"href":"https:\/\/apcrmed.ca\/en\/wp-json\/wp\/v2\/product\/2327","targetHints":{"allow":["GET"]}}],"collection":[{"href":"https:\/\/apcrmed.ca\/en\/wp-json\/wp\/v2\/product"}],"about":[{"href":"https:\/\/apcrmed.ca\/en\/wp-json\/wp\/v2\/types\/product"}],"wp:featuredmedia":[{"embeddable":true,"href":"https:\/\/apcrmed.ca\/en\/wp-json\/wp\/v2\/media\/2413"}],"wp:attachment":[{"href":"https:\/\/apcrmed.ca\/en\/wp-json\/wp\/v2\/media?parent=2327"}],"wp:term":[{"taxonomy":"product_brand","embeddable":true,"href":"https:\/\/apcrmed.ca\/en\/wp-json\/wp\/v2\/product_brand?post=2327"},{"taxonomy":"product_cat","embeddable":true,"href":"https:\/\/apcrmed.ca\/en\/wp-json\/wp\/v2\/product_cat?post=2327"},{"taxonomy":"product_tag","embeddable":true,"href":"https:\/\/apcrmed.ca\/en\/wp-json\/wp\/v2\/product_tag?post=2327"}],"curies":[{"name":"wp","href":"https:\/\/api.w.org\/{rel}","templated":true}]}}