{"id":2319,"date":"2025-07-28T13:51:01","date_gmt":"2025-07-28T17:51:01","guid":{"rendered":"https:\/\/apcrmed.ca\/?post_type=product&#038;p=2319"},"modified":"2025-08-01T14:44:48","modified_gmt":"2025-08-01T18:44:48","slug":"boucle-noire","status":"publish","type":"product","link":"https:\/\/apcrmed.ca\/en\/product\/boucle-noire\/","title":{"rendered":"Boucle noire"},"content":{"rendered":"<p>Les boucles sont disponibles dans le un, un pouce et demi et deux pouces peuvent \u00eatre vendu \u00e0 l&#8217;unit\u00e9 ou en paquet.<\/p>","protected":false},"excerpt":{"rendered":"<p>Les boucles sont disponibles dans le un, un pouce et demi et deux pouces peuvent \u00eatre vendu \u00e0 l&#8217;unit\u00e9 ou en paquet.<\/p>","protected":false},"featured_media":2460,"template":"","meta":[],"product_brand":[],"product_cat":[14],"product_tag":[],"class_list":{"0":"post-2319","1":"product","2":"type-product","3":"status-publish","4":"has-post-thumbnail","6":"product_cat-materiaux-utilitaires","8":"first","9":"instock","10":"shipping-taxable","11":"purchasable","12":"product-type-simple"},"_links":{"self":[{"href":"https:\/\/apcrmed.ca\/en\/wp-json\/wp\/v2\/product\/2319","targetHints":{"allow":["GET"]}}],"collection":[{"href":"https:\/\/apcrmed.ca\/en\/wp-json\/wp\/v2\/product"}],"about":[{"href":"https:\/\/apcrmed.ca\/en\/wp-json\/wp\/v2\/types\/product"}],"wp:featuredmedia":[{"embeddable":true,"href":"https:\/\/apcrmed.ca\/en\/wp-json\/wp\/v2\/media\/2460"}],"wp:attachment":[{"href":"https:\/\/apcrmed.ca\/en\/wp-json\/wp\/v2\/media?parent=2319"}],"wp:term":[{"taxonomy":"product_brand","embeddable":true,"href":"https:\/\/apcrmed.ca\/en\/wp-json\/wp\/v2\/product_brand?post=2319"},{"taxonomy":"product_cat","embeddable":true,"href":"https:\/\/apcrmed.ca\/en\/wp-json\/wp\/v2\/product_cat?post=2319"},{"taxonomy":"product_tag","embeddable":true,"href":"https:\/\/apcrmed.ca\/en\/wp-json\/wp\/v2\/product_tag?post=2319"}],"curies":[{"name":"wp","href":"https:\/\/api.w.org\/{rel}","templated":true}]}}