{"id":2318,"date":"2025-07-28T13:50:10","date_gmt":"2025-07-28T17:50:10","guid":{"rendered":"https:\/\/apcrmed.ca\/?post_type=product&#038;p=2318"},"modified":"2025-07-29T13:20:37","modified_gmt":"2025-07-29T17:20:37","slug":"sac-pour-reservoir-a-oxygene","status":"publish","type":"product","link":"https:\/\/apcrmed.ca\/en\/product\/sac-pour-reservoir-a-oxygene\/","title":{"rendered":"Sac pour r\u00e9servoir \u00e0 oxyg\u00e8ne"},"content":{"rendered":"<p>Le sac pour r\u00e9servoir \u00e0 oxyg\u00e8ne con\u00e7u \u00e0 partir de toile r\u00e9sistante, de sangles polypropyl\u00e8ne ainsi que de boucles d&#8217;attachement.<\/p>\n<p>Nous pouvons modifier les sangles \u00e0 la demande du client.<\/p>","protected":false},"excerpt":{"rendered":"<p>Le sac pour r\u00e9servoir \u00e0 oxyg\u00e8ne con\u00e7u \u00e0 partir de toile r\u00e9sistante, de sangles polypropyl\u00e8ne ainsi que de boucles d&#8217;attachement. Nous pouvons modifier les sangles \u00e0 la demande du client.<\/p>","protected":false},"featured_media":2277,"template":"","meta":[],"product_brand":[],"product_cat":[34],"product_tag":[],"class_list":{"0":"post-2318","1":"product","2":"type-product","3":"status-publish","4":"has-post-thumbnail","6":"product_cat-sacs","8":"first","9":"instock","10":"shipping-taxable","11":"purchasable","12":"product-type-simple"},"_links":{"self":[{"href":"https:\/\/apcrmed.ca\/en\/wp-json\/wp\/v2\/product\/2318","targetHints":{"allow":["GET"]}}],"collection":[{"href":"https:\/\/apcrmed.ca\/en\/wp-json\/wp\/v2\/product"}],"about":[{"href":"https:\/\/apcrmed.ca\/en\/wp-json\/wp\/v2\/types\/product"}],"wp:featuredmedia":[{"embeddable":true,"href":"https:\/\/apcrmed.ca\/en\/wp-json\/wp\/v2\/media\/2277"}],"wp:attachment":[{"href":"https:\/\/apcrmed.ca\/en\/wp-json\/wp\/v2\/media?parent=2318"}],"wp:term":[{"taxonomy":"product_brand","embeddable":true,"href":"https:\/\/apcrmed.ca\/en\/wp-json\/wp\/v2\/product_brand?post=2318"},{"taxonomy":"product_cat","embeddable":true,"href":"https:\/\/apcrmed.ca\/en\/wp-json\/wp\/v2\/product_cat?post=2318"},{"taxonomy":"product_tag","embeddable":true,"href":"https:\/\/apcrmed.ca\/en\/wp-json\/wp\/v2\/product_tag?post=2318"}],"curies":[{"name":"wp","href":"https:\/\/api.w.org\/{rel}","templated":true}]}}