{"id":2317,"date":"2025-07-28T13:49:29","date_gmt":"2025-07-28T17:49:29","guid":{"rendered":"https:\/\/apcrmed.ca\/?post_type=product&#038;p=2317"},"modified":"2025-08-26T16:05:20","modified_gmt":"2025-08-26T20:05:20","slug":"sac-utilitaire-pour-fauteuil-roulant-9h-x-16l-x-2e-po","status":"publish","type":"product","link":"https:\/\/apcrmed.ca\/en\/product\/sac-utilitaire-pour-fauteuil-roulant-9h-x-16l-x-2e-po\/","title":{"rendered":"Sac utilitaire pour fauteuil roulant 9H X 16L X 2\u00c9 PO"},"content":{"rendered":"<p>Ce sac s&#8217;installe facilement aux bras du fauteuil roulant ainsi qu&#8217;\u00e0 l&#8217;arri\u00e8re. Il y a deux types de sangles permettant aux\u00a0 professionnels d&#8217;attacher le sac \u00e0 ces diff\u00e9rents endroits. Con\u00e7u de toile r\u00e9sistante, ce sac sert, entre autre, \u00e0 dissimuler le sac urinaire des patients et, en raison de sa largeur, il est possible d&#8217;ins\u00e9rer un cath\u00e9ter \u00e0 l&#8217;int\u00e9rieur de celui-ci de fa\u00e7on s\u00e9curitaire.<\/p>\n<p>Nous pouvons apporter des modifications au sac \u00e0 la demande du client (exemple : La longueur des courroies pour attacher \u00e0 l\u2019arri\u00e8re de la chaise roulante, ou encore, la longueur des courroies pour attacher aux bras du fauteuil roulant.)<\/p>\n<p>&nbsp;<\/p>","protected":false},"excerpt":{"rendered":"<p>Ce sac s&#8217;installe facilement aux bras du fauteuil roulant ainsi qu&#8217;\u00e0 l&#8217;arri\u00e8re. Il y a deux types de sangles permettant aux\u00a0 professionnels d&#8217;attacher le sac \u00e0 ces diff\u00e9rents endroits. Con\u00e7u de toile r\u00e9sistante, ce sac sert, entre autre, \u00e0 dissimuler le sac urinaire des patients et, en raison de sa largeur, il est possible d&#8217;ins\u00e9rer [&hellip;]<\/p>","protected":false},"featured_media":2557,"template":"","meta":[],"product_brand":[],"product_cat":[34],"product_tag":[],"class_list":{"0":"post-2317","1":"product","2":"type-product","3":"status-publish","4":"has-post-thumbnail","6":"product_cat-sacs","8":"first","9":"instock","10":"shipping-taxable","11":"purchasable","12":"product-type-simple"},"_links":{"self":[{"href":"https:\/\/apcrmed.ca\/en\/wp-json\/wp\/v2\/product\/2317","targetHints":{"allow":["GET"]}}],"collection":[{"href":"https:\/\/apcrmed.ca\/en\/wp-json\/wp\/v2\/product"}],"about":[{"href":"https:\/\/apcrmed.ca\/en\/wp-json\/wp\/v2\/types\/product"}],"wp:featuredmedia":[{"embeddable":true,"href":"https:\/\/apcrmed.ca\/en\/wp-json\/wp\/v2\/media\/2557"}],"wp:attachment":[{"href":"https:\/\/apcrmed.ca\/en\/wp-json\/wp\/v2\/media?parent=2317"}],"wp:term":[{"taxonomy":"product_brand","embeddable":true,"href":"https:\/\/apcrmed.ca\/en\/wp-json\/wp\/v2\/product_brand?post=2317"},{"taxonomy":"product_cat","embeddable":true,"href":"https:\/\/apcrmed.ca\/en\/wp-json\/wp\/v2\/product_cat?post=2317"},{"taxonomy":"product_tag","embeddable":true,"href":"https:\/\/apcrmed.ca\/en\/wp-json\/wp\/v2\/product_tag?post=2317"}],"curies":[{"name":"wp","href":"https:\/\/api.w.org\/{rel}","templated":true}]}}