{"id":2313,"date":"2025-07-28T13:48:18","date_gmt":"2025-07-28T17:48:18","guid":{"rendered":"https:\/\/apcrmed.ca\/?post_type=product&#038;p=2313"},"modified":"2025-08-26T16:03:58","modified_gmt":"2025-08-26T20:03:58","slug":"sac-utilitaire-pour-fauteuil-roulant-9h-x-13l-x-2e","status":"publish","type":"product","link":"https:\/\/apcrmed.ca\/en\/product\/sac-utilitaire-pour-fauteuil-roulant-9h-x-13l-x-2e\/","title":{"rendered":"Sac utilitaire pour fauteuil roulant 9H X 13L X 2\u00c9"},"content":{"rendered":"<p>Ce sac utilitaire s&#8217;installe facilement au bras du fauteuil roulant ainsi qu&#8217;\u00e0 l&#8217;arri\u00e8re. Il y a deux types de sangles permettant aux professionnels d&#8217;installer le sac \u00e0 ces diff\u00e9rents endroits. Con\u00e7u de toile r\u00e9sistante, ce sac sert, entre autre, \u00e0 dissimuler le sac urinaire des patients.<\/p>\n<p>Nous pouvons apporter des modifications au sac \u00e0 la demande du client (exemple : La longueur des courroies pour attacher le sac \u00e0 l\u2019arri\u00e8re de la chaise roulante ou encore, la longueur des courroies pour l&#8217;attacher aux bras du fauteuil roulant.)<\/p>\n<p>&nbsp;<\/p>","protected":false},"excerpt":{"rendered":"<p>Ce sac utilitaire s&#8217;installe facilement au bras du fauteuil roulant ainsi qu&#8217;\u00e0 l&#8217;arri\u00e8re. Il y a deux types de sangles permettant aux professionnels d&#8217;installer le sac \u00e0 ces diff\u00e9rents endroits. Con\u00e7u de toile r\u00e9sistante, ce sac sert, entre autre, \u00e0 dissimuler le sac urinaire des patients. Nous pouvons apporter des modifications au sac \u00e0 la [&hellip;]<\/p>","protected":false},"featured_media":2555,"template":"","meta":[],"product_brand":[],"product_cat":[34],"product_tag":[],"class_list":{"0":"post-2313","1":"product","2":"type-product","3":"status-publish","4":"has-post-thumbnail","6":"product_cat-sacs","8":"first","9":"instock","10":"shipping-taxable","11":"purchasable","12":"product-type-simple"},"_links":{"self":[{"href":"https:\/\/apcrmed.ca\/en\/wp-json\/wp\/v2\/product\/2313","targetHints":{"allow":["GET"]}}],"collection":[{"href":"https:\/\/apcrmed.ca\/en\/wp-json\/wp\/v2\/product"}],"about":[{"href":"https:\/\/apcrmed.ca\/en\/wp-json\/wp\/v2\/types\/product"}],"wp:featuredmedia":[{"embeddable":true,"href":"https:\/\/apcrmed.ca\/en\/wp-json\/wp\/v2\/media\/2555"}],"wp:attachment":[{"href":"https:\/\/apcrmed.ca\/en\/wp-json\/wp\/v2\/media?parent=2313"}],"wp:term":[{"taxonomy":"product_brand","embeddable":true,"href":"https:\/\/apcrmed.ca\/en\/wp-json\/wp\/v2\/product_brand?post=2313"},{"taxonomy":"product_cat","embeddable":true,"href":"https:\/\/apcrmed.ca\/en\/wp-json\/wp\/v2\/product_cat?post=2313"},{"taxonomy":"product_tag","embeddable":true,"href":"https:\/\/apcrmed.ca\/en\/wp-json\/wp\/v2\/product_tag?post=2313"}],"curies":[{"name":"wp","href":"https:\/\/api.w.org\/{rel}","templated":true}]}}