{"id":2309,"date":"2025-07-28T13:47:01","date_gmt":"2025-07-28T17:47:01","guid":{"rendered":"https:\/\/apcrmed.ca\/?post_type=product&#038;p=2309"},"modified":"2025-08-26T16:07:24","modified_gmt":"2025-08-26T20:07:24","slug":"sac-pour-support-de-pieds-pour-fauteuil-roulant-18h-x-15l-x3e","status":"publish","type":"product","link":"https:\/\/apcrmed.ca\/en\/product\/sac-pour-support-de-pieds-pour-fauteuil-roulant-18h-x-15l-x3e\/","title":{"rendered":"Sac pour support de pieds pour fauteuil roulant 18H X 15L X3\u00c9"},"content":{"rendered":"<p>Con\u00e7u \u00e0 partir de toile r\u00e9sistance ainsi que de sangles permettant une insatllation simple\u00a0\u00e0 l\u2019arri\u00e8re du fauteuil roulant et aux appuis-pieds<\/p>\n<p>Nous pouvons apporter des modifications au sac \u00e0 la demande du client (exemple : La longueur des courroies pour attacher le sac \u00e0 l\u2019arri\u00e8re de la chaise roulante.)<\/p>\n<p>&nbsp;<\/p>","protected":false},"excerpt":{"rendered":"<p>Con\u00e7u \u00e0 partir de toile r\u00e9sistance ainsi que de sangles permettant une insatllation simple\u00a0\u00e0 l\u2019arri\u00e8re du fauteuil roulant et aux appuis-pieds Nous pouvons apporter des modifications au sac \u00e0 la demande du client (exemple : La longueur des courroies pour attacher le sac \u00e0 l\u2019arri\u00e8re de la chaise roulante.) &nbsp;<\/p>","protected":false},"featured_media":2558,"template":"","meta":[],"product_brand":[],"product_cat":[34],"product_tag":[],"class_list":{"0":"post-2309","1":"product","2":"type-product","3":"status-publish","4":"has-post-thumbnail","6":"product_cat-sacs","8":"first","9":"instock","10":"shipping-taxable","11":"purchasable","12":"product-type-simple"},"_links":{"self":[{"href":"https:\/\/apcrmed.ca\/en\/wp-json\/wp\/v2\/product\/2309","targetHints":{"allow":["GET"]}}],"collection":[{"href":"https:\/\/apcrmed.ca\/en\/wp-json\/wp\/v2\/product"}],"about":[{"href":"https:\/\/apcrmed.ca\/en\/wp-json\/wp\/v2\/types\/product"}],"wp:featuredmedia":[{"embeddable":true,"href":"https:\/\/apcrmed.ca\/en\/wp-json\/wp\/v2\/media\/2558"}],"wp:attachment":[{"href":"https:\/\/apcrmed.ca\/en\/wp-json\/wp\/v2\/media?parent=2309"}],"wp:term":[{"taxonomy":"product_brand","embeddable":true,"href":"https:\/\/apcrmed.ca\/en\/wp-json\/wp\/v2\/product_brand?post=2309"},{"taxonomy":"product_cat","embeddable":true,"href":"https:\/\/apcrmed.ca\/en\/wp-json\/wp\/v2\/product_cat?post=2309"},{"taxonomy":"product_tag","embeddable":true,"href":"https:\/\/apcrmed.ca\/en\/wp-json\/wp\/v2\/product_tag?post=2309"}],"curies":[{"name":"wp","href":"https:\/\/api.w.org\/{rel}","templated":true}]}}