{"id":2305,"date":"2025-07-28T13:43:32","date_gmt":"2025-07-28T17:43:32","guid":{"rendered":"https:\/\/apcrmed.ca\/?post_type=product&#038;p=2305"},"modified":"2025-07-29T14:03:31","modified_gmt":"2025-07-29T18:03:31","slug":"matelas-abg-regulier-et-matelas-abg-encastres","status":"publish","type":"product","link":"https:\/\/apcrmed.ca\/en\/product\/matelas-abg-regulier-et-matelas-abg-encastres\/","title":{"rendered":"Matelas ABG r\u00e9gulier et matelas ABG encastr\u00e9s"},"content":{"rendered":"<p>Matelas de six pouces d&#8217;\u00e9paisseur, disponibles dans des grandeurs vari\u00e9es:<\/p>\n<ul>\n<li>36 x 80 po<\/li>\n<li>39 x 80 x po<\/li>\n<li>42 x 80 po<\/li>\n<li>48 x 80 po<\/li>\n<li>Autres grandeurs possibles<\/li>\n<\/ul>\n<p>Au besoin, certaines modifications peuvent \u00eatre apport\u00e9es aux matelas (par exemple: encastration de deux pouces ou trois pouces d&#8217;\u00e9paisseur)<\/p>\n<p>&nbsp;<\/p>","protected":false},"excerpt":{"rendered":"<p>Nous pouvons faire des matelas r\u00e9guliers ou des matelas encastr\u00e9s selon les besoins du client.<\/p>","protected":false},"featured_media":2277,"template":"","meta":[],"product_brand":[],"product_cat":[32],"product_tag":[],"class_list":{"0":"post-2305","1":"product","2":"type-product","3":"status-publish","4":"has-post-thumbnail","6":"product_cat-matelas","8":"first","9":"instock","10":"shipping-taxable","11":"purchasable","12":"product-type-simple"},"_links":{"self":[{"href":"https:\/\/apcrmed.ca\/en\/wp-json\/wp\/v2\/product\/2305","targetHints":{"allow":["GET"]}}],"collection":[{"href":"https:\/\/apcrmed.ca\/en\/wp-json\/wp\/v2\/product"}],"about":[{"href":"https:\/\/apcrmed.ca\/en\/wp-json\/wp\/v2\/types\/product"}],"wp:featuredmedia":[{"embeddable":true,"href":"https:\/\/apcrmed.ca\/en\/wp-json\/wp\/v2\/media\/2277"}],"wp:attachment":[{"href":"https:\/\/apcrmed.ca\/en\/wp-json\/wp\/v2\/media?parent=2305"}],"wp:term":[{"taxonomy":"product_brand","embeddable":true,"href":"https:\/\/apcrmed.ca\/en\/wp-json\/wp\/v2\/product_brand?post=2305"},{"taxonomy":"product_cat","embeddable":true,"href":"https:\/\/apcrmed.ca\/en\/wp-json\/wp\/v2\/product_cat?post=2305"},{"taxonomy":"product_tag","embeddable":true,"href":"https:\/\/apcrmed.ca\/en\/wp-json\/wp\/v2\/product_tag?post=2305"}],"curies":[{"name":"wp","href":"https:\/\/api.w.org\/{rel}","templated":true}]}}