{"id":2297,"date":"2025-07-28T13:39:53","date_gmt":"2025-07-28T17:39:53","guid":{"rendered":"https:\/\/apcrmed.ca\/?post_type=product&#038;p=2297"},"modified":"2025-08-26T15:44:08","modified_gmt":"2025-08-26T19:44:08","slug":"coussin-biseau-sur-mesure","status":"publish","type":"product","link":"https:\/\/apcrmed.ca\/en\/product\/coussin-biseau-sur-mesure\/","title":{"rendered":"Coussin biseau sur mesure"},"content":{"rendered":"<p>Le coussin biseau sur mesure est construit selon les besoins du client. Le coussin est recouvert en tout temps d&#8217;une pellicule polyur\u00e9thane claire. \u00c0 la demande du client, il y a possibilit\u00e9 d&#8217;avoir une housse de lycra polyur\u00e9thane hydrofuge et de nylon avec une fermeture \u00e9claire. La housse est con\u00e7u avec un antid\u00e9rapant en dessous emp\u00eachant le coussin de se d\u00e9placer ainsi que des poign\u00e9es pour faciliter le d\u00e9placement de celui-ci. Permet de positionner les patients ou le matelas de fa\u00e7on adapt\u00e9e.<\/p>","protected":false},"excerpt":{"rendered":"<p>Le coussin biseau sur mesure est construit selon les besoins du client. Le coussin est recouvert en tout temps d&#8217;une pellicule polyur\u00e9thane claire. \u00c0 la demande du client, il y a possibilit\u00e9 d&#8217;avoir une housse de lycra polyur\u00e9thane hydrofuge et de nylon avec une fermeture \u00e9claire. La housse est con\u00e7u avec un antid\u00e9rapant en dessous [&hellip;]<\/p>","protected":false},"featured_media":2443,"template":"","meta":[],"product_brand":[],"product_cat":[24],"product_tag":[],"class_list":{"0":"post-2297","1":"product","2":"type-product","3":"status-publish","4":"has-post-thumbnail","6":"product_cat-biseaux","8":"first","9":"instock","10":"shipping-taxable","11":"purchasable","12":"product-type-simple"},"_links":{"self":[{"href":"https:\/\/apcrmed.ca\/en\/wp-json\/wp\/v2\/product\/2297","targetHints":{"allow":["GET"]}}],"collection":[{"href":"https:\/\/apcrmed.ca\/en\/wp-json\/wp\/v2\/product"}],"about":[{"href":"https:\/\/apcrmed.ca\/en\/wp-json\/wp\/v2\/types\/product"}],"wp:featuredmedia":[{"embeddable":true,"href":"https:\/\/apcrmed.ca\/en\/wp-json\/wp\/v2\/media\/2443"}],"wp:attachment":[{"href":"https:\/\/apcrmed.ca\/en\/wp-json\/wp\/v2\/media?parent=2297"}],"wp:term":[{"taxonomy":"product_brand","embeddable":true,"href":"https:\/\/apcrmed.ca\/en\/wp-json\/wp\/v2\/product_brand?post=2297"},{"taxonomy":"product_cat","embeddable":true,"href":"https:\/\/apcrmed.ca\/en\/wp-json\/wp\/v2\/product_cat?post=2297"},{"taxonomy":"product_tag","embeddable":true,"href":"https:\/\/apcrmed.ca\/en\/wp-json\/wp\/v2\/product_tag?post=2297"}],"curies":[{"name":"wp","href":"https:\/\/api.w.org\/{rel}","templated":true}]}}