{"id":2294,"date":"2025-07-28T13:38:57","date_gmt":"2025-07-28T17:38:57","guid":{"rendered":"https:\/\/apcrmed.ca\/?post_type=product&#038;p=2294"},"modified":"2025-07-31T15:45:42","modified_gmt":"2025-07-31T19:45:42","slug":"coussin-biseaute-pour-fauteuil-roulant-recouvert-dune-pellicule-polyurethane","status":"publish","type":"product","link":"https:\/\/apcrmed.ca\/en\/product\/coussin-biseaute-pour-fauteuil-roulant-recouvert-dune-pellicule-polyurethane\/","title":{"rendered":"Coussin biseaut\u00e9 pour fauteuil roulant recouvert de pellicule polyur\u00e9thane"},"content":{"rendered":"<p>Ces coussins sont con\u00e7u pour r\u00e9duire la pression au niveau des genoux lorsque le patient est assis sur le fauteuil roulant. Les coussins sont recouverts en tout temps d&#8217;une housse de pellicule polyur\u00e9thane claire et ceux-ci peuvent \u00eatre vendu avec une housse de lycra polyur\u00e9thane hydrofuge.<\/p>\n<p>Ces coussins sont disponibles dans diff\u00e9rentes grandeurs:<\/p>\n<ul>\n<li>16 x 16 po<\/li>\n<li>18 x 16 po<\/li>\n<li>18 x 18 po<\/li>\n<li>Autres grandeurs possibles<\/li>\n<\/ul>\n<p>Au besoin du client, les coussins peuvent \u00eatre fabriqu\u00e9s sur mesure et avec d&#8217;autres types de foam.<\/p>\n<p>&nbsp;<\/p>\n<p>&nbsp;<\/p>\n<p>&nbsp;<\/p>","protected":false},"excerpt":{"rendered":"<p>Ces coussins sont con\u00e7u pour r\u00e9duire la pression au niveau des genoux lorsque le patient est assis sur le fauteuil roulant. Les coussins sont recouverts en tout temps d&#8217;une housse de pellicule polyur\u00e9thane claire et ceux-ci peuvent \u00eatre vendu avec une housse de lycra polyur\u00e9thane hydrofuge. Ces coussins sont disponibles dans diff\u00e9rentes grandeurs: 16 x [&hellip;]<\/p>","protected":false},"featured_media":2435,"template":"","meta":[],"product_brand":[],"product_cat":[9],"product_tag":[],"class_list":{"0":"post-2294","1":"product","2":"type-product","3":"status-publish","4":"has-post-thumbnail","6":"product_cat-coussins","8":"first","9":"instock","10":"shipping-taxable","11":"purchasable","12":"product-type-simple"},"_links":{"self":[{"href":"https:\/\/apcrmed.ca\/en\/wp-json\/wp\/v2\/product\/2294","targetHints":{"allow":["GET"]}}],"collection":[{"href":"https:\/\/apcrmed.ca\/en\/wp-json\/wp\/v2\/product"}],"about":[{"href":"https:\/\/apcrmed.ca\/en\/wp-json\/wp\/v2\/types\/product"}],"wp:featuredmedia":[{"embeddable":true,"href":"https:\/\/apcrmed.ca\/en\/wp-json\/wp\/v2\/media\/2435"}],"wp:attachment":[{"href":"https:\/\/apcrmed.ca\/en\/wp-json\/wp\/v2\/media?parent=2294"}],"wp:term":[{"taxonomy":"product_brand","embeddable":true,"href":"https:\/\/apcrmed.ca\/en\/wp-json\/wp\/v2\/product_brand?post=2294"},{"taxonomy":"product_cat","embeddable":true,"href":"https:\/\/apcrmed.ca\/en\/wp-json\/wp\/v2\/product_cat?post=2294"},{"taxonomy":"product_tag","embeddable":true,"href":"https:\/\/apcrmed.ca\/en\/wp-json\/wp\/v2\/product_tag?post=2294"}],"curies":[{"name":"wp","href":"https:\/\/api.w.org\/{rel}","templated":true}]}}