{"id":2289,"date":"2025-07-28T13:37:02","date_gmt":"2025-07-28T17:37:02","guid":{"rendered":"https:\/\/apcrmed.ca\/?post_type=product&#038;p=2289"},"modified":"2025-08-26T15:45:11","modified_gmt":"2025-08-26T19:45:11","slug":"elevateurs-de-talons-avec-housse-de-pellicule-polyurethane-clair","status":"publish","type":"product","link":"https:\/\/apcrmed.ca\/en\/product\/elevateurs-de-talons-avec-housse-de-pellicule-polyurethane-clair\/","title":{"rendered":"\u00c9l\u00e9vateurs de talons avec housse de pellicule polyur\u00e9thane clair"},"content":{"rendered":"<p>L\u2019\u00e9l\u00e9vateur de talons soul\u00e8ve les talons de l\u2019usager de fa\u00e7on \u00e0 diminuer la pression exerc\u00e9e lors du positionnement au lit. Celui-ci est fait de foam haute densit\u00e9 et de viscose. L\u2019\u00e9l\u00e9vateur de talons est recouvert d\u2019une pellicule polyur\u00e9thane. Au besoin, le client peut avoir avec l\u2019\u00e9l\u00e9vateur de talons une housse en lycra polyur\u00e9thane hydrofuge (mat\u00e9riel de qualit\u00e9 sup\u00e9rieure).<\/p>\n<p>Ce type de de biseau est disponible dans les grandeurs suivantes:<\/p>\n<ul>\n<li>24 x 18 x 3 po<\/li>\n<li>24 x 16 x 3,5 po<\/li>\n<li>30 x 18 x 4 po<\/li>\n<\/ul>\n<p>Nous fabriquons des \u00e9l\u00e9vateurs de talons sur mesure \u00e0 la demande du client.<\/p>\n<p>&nbsp;<\/p>","protected":false},"excerpt":{"rendered":"<p>L\u2019\u00e9l\u00e9vateur de talons soul\u00e8ve les talons de l\u2019usager de fa\u00e7on \u00e0 diminuer la pression exerc\u00e9e lors du positionnement au lit. Celui-ci est fait de foam haute densit\u00e9 et de viscose. L\u2019\u00e9l\u00e9vateur de talons est recouvert d\u2019une pellicule polyur\u00e9thane. Au besoin, le client peut avoir avec l\u2019\u00e9l\u00e9vateur de talons une housse en lycra polyur\u00e9thane hydrofuge (mat\u00e9riel [&hellip;]<\/p>","protected":false},"featured_media":2424,"template":"","meta":[],"product_brand":[],"product_cat":[24],"product_tag":[],"class_list":{"0":"post-2289","1":"product","2":"type-product","3":"status-publish","4":"has-post-thumbnail","6":"product_cat-biseaux","8":"first","9":"instock","10":"shipping-taxable","11":"purchasable","12":"product-type-simple"},"_links":{"self":[{"href":"https:\/\/apcrmed.ca\/en\/wp-json\/wp\/v2\/product\/2289","targetHints":{"allow":["GET"]}}],"collection":[{"href":"https:\/\/apcrmed.ca\/en\/wp-json\/wp\/v2\/product"}],"about":[{"href":"https:\/\/apcrmed.ca\/en\/wp-json\/wp\/v2\/types\/product"}],"wp:featuredmedia":[{"embeddable":true,"href":"https:\/\/apcrmed.ca\/en\/wp-json\/wp\/v2\/media\/2424"}],"wp:attachment":[{"href":"https:\/\/apcrmed.ca\/en\/wp-json\/wp\/v2\/media?parent=2289"}],"wp:term":[{"taxonomy":"product_brand","embeddable":true,"href":"https:\/\/apcrmed.ca\/en\/wp-json\/wp\/v2\/product_brand?post=2289"},{"taxonomy":"product_cat","embeddable":true,"href":"https:\/\/apcrmed.ca\/en\/wp-json\/wp\/v2\/product_cat?post=2289"},{"taxonomy":"product_tag","embeddable":true,"href":"https:\/\/apcrmed.ca\/en\/wp-json\/wp\/v2\/product_tag?post=2289"}],"curies":[{"name":"wp","href":"https:\/\/api.w.org\/{rel}","templated":true}]}}