{"id":2287,"date":"2025-07-28T13:35:48","date_gmt":"2025-07-28T17:35:48","guid":{"rendered":"https:\/\/apcrmed.ca\/?post_type=product&#038;p=2287"},"modified":"2025-08-01T11:06:46","modified_gmt":"2025-08-01T15:06:46","slug":"coussin-deau-19l","status":"publish","type":"product","link":"https:\/\/apcrmed.ca\/en\/product\/coussin-deau-19l\/","title":{"rendered":"Coussin d&#8217;eau"},"content":{"rendered":"<p>Le coussin d\u2019eau permet avant tout un meilleur positionnement au lit. Le coussin sert aussi \u00e0 r\u00e9duire la pression aux endroits d\u00e9sir\u00e9s afin d\u2019aider \u00e0 la gu\u00e9rison de rougeurs et de plaies de lit.<\/p>","protected":false},"excerpt":{"rendered":"<p>Le coussin d\u2019eau permet avant tout un meilleur positionnement au lit. Le coussin sert aussi \u00e0 r\u00e9duire la pression aux endroits d\u00e9sir\u00e9s afin d\u2019aider \u00e0 la gu\u00e9rison de rougeurs et de plaies de lit.<\/p>","protected":false},"featured_media":2444,"template":"","meta":[],"product_brand":[],"product_cat":[9],"product_tag":[],"class_list":{"0":"post-2287","1":"product","2":"type-product","3":"status-publish","4":"has-post-thumbnail","6":"product_cat-coussins","8":"first","9":"instock","10":"shipping-taxable","11":"purchasable","12":"product-type-simple"},"_links":{"self":[{"href":"https:\/\/apcrmed.ca\/en\/wp-json\/wp\/v2\/product\/2287","targetHints":{"allow":["GET"]}}],"collection":[{"href":"https:\/\/apcrmed.ca\/en\/wp-json\/wp\/v2\/product"}],"about":[{"href":"https:\/\/apcrmed.ca\/en\/wp-json\/wp\/v2\/types\/product"}],"wp:featuredmedia":[{"embeddable":true,"href":"https:\/\/apcrmed.ca\/en\/wp-json\/wp\/v2\/media\/2444"}],"wp:attachment":[{"href":"https:\/\/apcrmed.ca\/en\/wp-json\/wp\/v2\/media?parent=2287"}],"wp:term":[{"taxonomy":"product_brand","embeddable":true,"href":"https:\/\/apcrmed.ca\/en\/wp-json\/wp\/v2\/product_brand?post=2287"},{"taxonomy":"product_cat","embeddable":true,"href":"https:\/\/apcrmed.ca\/en\/wp-json\/wp\/v2\/product_cat?post=2287"},{"taxonomy":"product_tag","embeddable":true,"href":"https:\/\/apcrmed.ca\/en\/wp-json\/wp\/v2\/product_tag?post=2287"}],"curies":[{"name":"wp","href":"https:\/\/api.w.org\/{rel}","templated":true}]}}