{"id":2281,"date":"2025-07-28T13:31:38","date_gmt":"2025-07-28T17:31:38","guid":{"rendered":"https:\/\/apcrmed.ca\/?post_type=product&#038;p=2281"},"modified":"2025-07-31T13:59:19","modified_gmt":"2025-07-31T17:59:19","slug":"coussin-protecteur-pour-membres-inferieurs-recouvert-dune-housse-pellicule-polyurethane","status":"publish","type":"product","link":"https:\/\/apcrmed.ca\/en\/product\/coussin-protecteur-pour-membres-inferieurs-recouvert-dune-housse-pellicule-polyurethane\/","title":{"rendered":"Coussin protecteur de membres inf\u00e9rieurs recouvert de pellicule polyur\u00e9thane"},"content":{"rendered":"<p>Ce coussin de deux pouces d&#8217;\u00e9paisseur est fait de latex et est recouvert en tout temps d\u2019une pellicule polyur\u00e9thane claire. Le coussin protecteur de membres inf\u00e9rieurs s\u2019installe entre les membres inf\u00e9rieurs de fa\u00e7on \u00e0 diminuer la pression lors du positionnement au lit. Celui-ci remplace les oreillers g\u00e9n\u00e9ralement utilis\u00e9s tout en offrant une meilleure stabilit\u00e9 et une installation facile.<\/p>\n<p>Nous fabriquons aussi des coussins protecteurs pour membres inf\u00e9rieurs en viscose et en B4220 \u00e0 la demande du client.<\/p>\n<p>&nbsp;<\/p>","protected":false},"excerpt":{"rendered":"<p>Ce coussin de deux pouces d&#8217;\u00e9paisseur est fait de latex et est recouvert en tout temps d\u2019une pellicule polyur\u00e9thane claire. Le coussin protecteur de membres inf\u00e9rieurs s\u2019installe entre les membres inf\u00e9rieurs de fa\u00e7on \u00e0 diminuer la pression lors du positionnement au lit. Celui-ci remplace les oreillers g\u00e9n\u00e9ralement utilis\u00e9s tout en offrant une meilleure stabilit\u00e9 et [&hellip;]<\/p>","protected":false},"featured_media":2420,"template":"","meta":[],"product_brand":[],"product_cat":[9],"product_tag":[],"class_list":{"0":"post-2281","1":"product","2":"type-product","3":"status-publish","4":"has-post-thumbnail","6":"product_cat-coussins","8":"first","9":"instock","10":"shipping-taxable","11":"purchasable","12":"product-type-simple"},"_links":{"self":[{"href":"https:\/\/apcrmed.ca\/en\/wp-json\/wp\/v2\/product\/2281","targetHints":{"allow":["GET"]}}],"collection":[{"href":"https:\/\/apcrmed.ca\/en\/wp-json\/wp\/v2\/product"}],"about":[{"href":"https:\/\/apcrmed.ca\/en\/wp-json\/wp\/v2\/types\/product"}],"wp:featuredmedia":[{"embeddable":true,"href":"https:\/\/apcrmed.ca\/en\/wp-json\/wp\/v2\/media\/2420"}],"wp:attachment":[{"href":"https:\/\/apcrmed.ca\/en\/wp-json\/wp\/v2\/media?parent=2281"}],"wp:term":[{"taxonomy":"product_brand","embeddable":true,"href":"https:\/\/apcrmed.ca\/en\/wp-json\/wp\/v2\/product_brand?post=2281"},{"taxonomy":"product_cat","embeddable":true,"href":"https:\/\/apcrmed.ca\/en\/wp-json\/wp\/v2\/product_cat?post=2281"},{"taxonomy":"product_tag","embeddable":true,"href":"https:\/\/apcrmed.ca\/en\/wp-json\/wp\/v2\/product_tag?post=2281"}],"curies":[{"name":"wp","href":"https:\/\/api.w.org\/{rel}","templated":true}]}}