{"id":2279,"date":"2025-07-28T13:29:44","date_gmt":"2025-07-28T17:29:44","guid":{"rendered":"https:\/\/apcrmed.ca\/?post_type=product&#038;p=2279"},"modified":"2025-07-31T14:55:12","modified_gmt":"2025-07-31T18:55:12","slug":"coussin-de-latex-recouvert-dune-pellicule-polyurethane","status":"publish","type":"product","link":"https:\/\/apcrmed.ca\/en\/product\/coussin-de-latex-recouvert-dune-pellicule-polyurethane\/","title":{"rendered":"Coussin de latex recouvert d&#8217;une pellicule polyur\u00e9thane"},"content":{"rendered":"<p>Coussin de latex recouvert en tout temps d\u2019une pellicule polyur\u00e9thane.<\/p>\n<p>Ces coussins se fabriquent dans le deux, trois et quatre pouces et sont disponibles dans diff\u00e9rentes grandeurs:<\/p>\n<ul>\n<li>16 x 16 po<\/li>\n<li>17 x 17 po<\/li>\n<li>18 x 16 po<\/li>\n<li>18 x 18 po<\/li>\n<li>20 x 18 po<\/li>\n<\/ul>\n<p>Il y a la possibilit\u00e9 d&#8217;avoir des coussins de viscose \u00e0 la demande du client. Nous fabriquons aussi des coussins sur mesure \u00e0 la demande du client.<\/p>\n<p>&nbsp;<\/p>","protected":false},"excerpt":{"rendered":"<p>Coussin de latex recouvert en tout temps d\u2019une pellicule polyur\u00e9thane. Ces coussins se fabriquent dans le deux, trois et quatre pouces et sont disponibles dans diff\u00e9rentes grandeurs: 16 x 16 po 17 x 17 po 18 x 16 po 18 x 18 po 20 x 18 po Il y a la possibilit\u00e9 d&#8217;avoir des coussins [&hellip;]<\/p>","protected":false},"featured_media":2425,"template":"","meta":[],"product_brand":[],"product_cat":[9],"product_tag":[],"class_list":{"0":"post-2279","1":"product","2":"type-product","3":"status-publish","4":"has-post-thumbnail","6":"product_cat-coussins","8":"first","9":"instock","10":"shipping-taxable","11":"purchasable","12":"product-type-simple"},"_links":{"self":[{"href":"https:\/\/apcrmed.ca\/en\/wp-json\/wp\/v2\/product\/2279","targetHints":{"allow":["GET"]}}],"collection":[{"href":"https:\/\/apcrmed.ca\/en\/wp-json\/wp\/v2\/product"}],"about":[{"href":"https:\/\/apcrmed.ca\/en\/wp-json\/wp\/v2\/types\/product"}],"wp:featuredmedia":[{"embeddable":true,"href":"https:\/\/apcrmed.ca\/en\/wp-json\/wp\/v2\/media\/2425"}],"wp:attachment":[{"href":"https:\/\/apcrmed.ca\/en\/wp-json\/wp\/v2\/media?parent=2279"}],"wp:term":[{"taxonomy":"product_brand","embeddable":true,"href":"https:\/\/apcrmed.ca\/en\/wp-json\/wp\/v2\/product_brand?post=2279"},{"taxonomy":"product_cat","embeddable":true,"href":"https:\/\/apcrmed.ca\/en\/wp-json\/wp\/v2\/product_cat?post=2279"},{"taxonomy":"product_tag","embeddable":true,"href":"https:\/\/apcrmed.ca\/en\/wp-json\/wp\/v2\/product_tag?post=2279"}],"curies":[{"name":"wp","href":"https:\/\/api.w.org\/{rel}","templated":true}]}}