{"id":2276,"date":"2025-07-28T11:45:46","date_gmt":"2025-07-28T15:45:46","guid":{"rendered":"https:\/\/apcrmed.ca\/?post_type=product&#038;p=2276"},"modified":"2025-07-30T10:46:54","modified_gmt":"2025-07-30T14:46:54","slug":"housse-de-matelas-avec-ouverture-sur-trois-faces","status":"publish","type":"product","link":"https:\/\/apcrmed.ca\/en\/product\/housse-de-matelas-avec-ouverture-sur-trois-faces\/","title":{"rendered":"Housse de matelas avec ouverture sur trois faces"},"content":{"rendered":"<p>Housse de matelas de six pouces d&#8217;\u00e9paisseur fait de lycra polyur\u00e9thane hydrofuge (mat\u00e9riel de qualit\u00e9 sup\u00e9rieure) et de toile r\u00e9sistante servant \u00e0 prot\u00e9ger le matelas. Il y a des poign\u00e9es de chaque c\u00f4t\u00e9s en dessous de la housse de matelas, ce qui permet au personnel de d\u00e9placer le matelas plus facilement. La housse est munie d&#8217;une fermeture \u00e9claire sur trois faces de la housse, ce qui permet au personnel de mettre et enlever plus facilement le matelas.<\/p>\n<p>Ces housses sont disponibles dans diff\u00e9rentes grandeurs:<\/p>\n<ul>\n<li>36 x 80 po<\/li>\n<li>39 x 80 po<\/li>\n<li>42 x 80 po<\/li>\n<li>48 x 80 po<\/li>\n<li>Autres grandeurs possibles<\/li>\n<\/ul>\n<p>Nous fabriquons aussi des housses de matelas sur mesure \u00e0 la demande du client.<\/p>\n<p>&nbsp;<\/p>","protected":false},"excerpt":{"rendered":"<p>Housse de matelas fait de lycra polyur\u00e9thane hydrofuge (mat\u00e9riel de qualit\u00e9 sup\u00e9rieure) et de toile r\u00e9sistante qui sert \u00e0 prot\u00e9ger le matelas.<\/p>","protected":false},"featured_media":2277,"template":"","meta":[],"product_brand":[],"product_cat":[8],"product_tag":[],"class_list":{"0":"post-2276","1":"product","2":"type-product","3":"status-publish","4":"has-post-thumbnail","6":"product_cat-housses","8":"first","9":"instock","10":"shipping-taxable","11":"purchasable","12":"product-type-simple"},"_links":{"self":[{"href":"https:\/\/apcrmed.ca\/en\/wp-json\/wp\/v2\/product\/2276","targetHints":{"allow":["GET"]}}],"collection":[{"href":"https:\/\/apcrmed.ca\/en\/wp-json\/wp\/v2\/product"}],"about":[{"href":"https:\/\/apcrmed.ca\/en\/wp-json\/wp\/v2\/types\/product"}],"wp:featuredmedia":[{"embeddable":true,"href":"https:\/\/apcrmed.ca\/en\/wp-json\/wp\/v2\/media\/2277"}],"wp:attachment":[{"href":"https:\/\/apcrmed.ca\/en\/wp-json\/wp\/v2\/media?parent=2276"}],"wp:term":[{"taxonomy":"product_brand","embeddable":true,"href":"https:\/\/apcrmed.ca\/en\/wp-json\/wp\/v2\/product_brand?post=2276"},{"taxonomy":"product_cat","embeddable":true,"href":"https:\/\/apcrmed.ca\/en\/wp-json\/wp\/v2\/product_cat?post=2276"},{"taxonomy":"product_tag","embeddable":true,"href":"https:\/\/apcrmed.ca\/en\/wp-json\/wp\/v2\/product_tag?post=2276"}],"curies":[{"name":"wp","href":"https:\/\/api.w.org\/{rel}","templated":true}]}}