{"id":2274,"date":"2025-07-28T11:44:01","date_gmt":"2025-07-28T15:44:01","guid":{"rendered":"https:\/\/apcrmed.ca\/?post_type=product&#038;p=2274"},"modified":"2025-08-01T10:44:46","modified_gmt":"2025-08-01T14:44:46","slug":"housse-de-lycra-polyurethane-hydrofuge-pour-coussins-biseaute-pour-fauteuil-roulant","status":"publish","type":"product","link":"https:\/\/apcrmed.ca\/en\/product\/housse-de-lycra-polyurethane-hydrofuge-pour-coussins-biseaute-pour-fauteuil-roulant\/","title":{"rendered":"Housse de lycra polyur\u00e9thane hydrofuge biseaut\u00e9 pour fauteuil roulant"},"content":{"rendered":"<p>Housse de lycra polyur\u00e9thane hydrofuge (mat\u00e9riel de qualit\u00e9 sup\u00e9rieure) et de nylon. Permet d\u2019augmenter la durabilit\u00e9 des coussins en les prot\u00e9geant. C&#8217;est une housse facile \u00e0 installer gr\u00e2ce \u00e0 sa fermeture \u00e9claire. Au besoin, le client peut avoir des velcros boucles ou crochets sur les c\u00f4t\u00e9s d\u00e9sir\u00e9s ou un antid\u00e9rapant. Aux deux extr\u00e9mit\u00e9s arri\u00e8res de la housse, il y a deux petites ganses qui permettent au personnel de fixer le coussin avec un lacet ou un cordon.<\/p>\n<p>&nbsp;<\/p>\n<p>Les housses peuvent \u00eatre fabriqu\u00e9s dans le deux pouces et le trois pouces d&#8217;\u00e9paisseur et sont disponibles dans diff\u00e9rentes grandeurs:<\/p>\n<ul>\n<li>16 x 16 po<\/li>\n<li>18 x 16 po<\/li>\n<li>18 x 18 po<\/li>\n<li>Autres grandeurs possibles<\/li>\n<\/ul>\n<p>Nous fabriquons des housses sur mesure \u00e0 la demande du client.<\/p>\n<p>&nbsp;<\/p>","protected":false},"excerpt":{"rendered":"<p>Housse de lycra polyur\u00e9thane hydrofuge (mat\u00e9riel de qualit\u00e9 sup\u00e9rieure) et de nylon. Permet d\u2019augmenter la durabilit\u00e9 des coussins en les prot\u00e9geant. C&#8217;est une housse facile \u00e0 installer gr\u00e2ce \u00e0 sa fermeture \u00e9claire. Au besoin, le client peut avoir des velcros boucles ou crochets sur les c\u00f4t\u00e9s d\u00e9sir\u00e9s ou un antid\u00e9rapant. Aux deux extr\u00e9mit\u00e9s arri\u00e8res de [&hellip;]<\/p>","protected":false},"featured_media":2442,"template":"","meta":[],"product_brand":[],"product_cat":[8],"product_tag":[],"class_list":{"0":"post-2274","1":"product","2":"type-product","3":"status-publish","4":"has-post-thumbnail","6":"product_cat-housses","8":"first","9":"instock","10":"shipping-taxable","11":"purchasable","12":"product-type-simple"},"_links":{"self":[{"href":"https:\/\/apcrmed.ca\/en\/wp-json\/wp\/v2\/product\/2274","targetHints":{"allow":["GET"]}}],"collection":[{"href":"https:\/\/apcrmed.ca\/en\/wp-json\/wp\/v2\/product"}],"about":[{"href":"https:\/\/apcrmed.ca\/en\/wp-json\/wp\/v2\/types\/product"}],"wp:featuredmedia":[{"embeddable":true,"href":"https:\/\/apcrmed.ca\/en\/wp-json\/wp\/v2\/media\/2442"}],"wp:attachment":[{"href":"https:\/\/apcrmed.ca\/en\/wp-json\/wp\/v2\/media?parent=2274"}],"wp:term":[{"taxonomy":"product_brand","embeddable":true,"href":"https:\/\/apcrmed.ca\/en\/wp-json\/wp\/v2\/product_brand?post=2274"},{"taxonomy":"product_cat","embeddable":true,"href":"https:\/\/apcrmed.ca\/en\/wp-json\/wp\/v2\/product_cat?post=2274"},{"taxonomy":"product_tag","embeddable":true,"href":"https:\/\/apcrmed.ca\/en\/wp-json\/wp\/v2\/product_tag?post=2274"}],"curies":[{"name":"wp","href":"https:\/\/api.w.org\/{rel}","templated":true}]}}