{"id":2270,"date":"2025-07-28T11:42:36","date_gmt":"2025-07-28T15:42:36","guid":{"rendered":"https:\/\/apcrmed.ca\/?post_type=product&#038;p=2270"},"modified":"2025-08-01T15:34:06","modified_gmt":"2025-08-01T19:34:06","slug":"housse-en-lycra-fini-polyurethane-pour-les-elevateurs-de-talons-avec-antiderapant","status":"publish","type":"product","link":"https:\/\/apcrmed.ca\/en\/product\/housse-en-lycra-fini-polyurethane-pour-les-elevateurs-de-talons-avec-antiderapant\/","title":{"rendered":"Housse en lycra fini polyur\u00e9thane pour \u00e9l\u00e9vateurs de talons avec antid\u00e9rapant"},"content":{"rendered":"<p>Housse de lycra polyur\u00e9thane hydrofuge (mat\u00e9riel de qualit\u00e9 sup\u00e9rieure) et de nylon avec un antid\u00e9rapant et une fermeture \u00e9clair. L\u2019antid\u00e9rapant en dessous de la housse permet d\u2019emp\u00eacher le coussin de se d\u00e9placer lorsque les professionnels posent les jambes de l\u2019usager dessus.<\/p>\n<p>Ces housses sont disponibles dans diverses grandeurs:<\/p>\n<ul>\n<li>24 x 18 x 3 po<\/li>\n<li>24 x 16 3,5 po<\/li>\n<li>30 x 18 x 4 po<\/li>\n<\/ul>\n<p>Nous pouvons faire des housses sur mesure \u00e0 la demande du client.<\/p>","protected":false},"excerpt":{"rendered":"<p>Housse de lycra polyur\u00e9thane hydrofuge (mat\u00e9riel de qualit\u00e9 sup\u00e9rieure) et de nylon avec un antid\u00e9rapant et une fermeture \u00e9clair. L\u2019antid\u00e9rapant en dessous de la housse permet d\u2019emp\u00eacher le coussin de se d\u00e9placer lorsque les professionnels posent les jambes de l\u2019usager dessus. Ces housses sont disponibles dans diverses grandeurs: 24 x 18 x 3 po 24 [&hellip;]<\/p>","protected":false},"featured_media":2473,"template":"","meta":[],"product_brand":[],"product_cat":[8],"product_tag":[],"class_list":{"0":"post-2270","1":"product","2":"type-product","3":"status-publish","4":"has-post-thumbnail","6":"product_cat-housses","8":"first","9":"instock","10":"shipping-taxable","11":"purchasable","12":"product-type-simple"},"_links":{"self":[{"href":"https:\/\/apcrmed.ca\/en\/wp-json\/wp\/v2\/product\/2270","targetHints":{"allow":["GET"]}}],"collection":[{"href":"https:\/\/apcrmed.ca\/en\/wp-json\/wp\/v2\/product"}],"about":[{"href":"https:\/\/apcrmed.ca\/en\/wp-json\/wp\/v2\/types\/product"}],"wp:featuredmedia":[{"embeddable":true,"href":"https:\/\/apcrmed.ca\/en\/wp-json\/wp\/v2\/media\/2473"}],"wp:attachment":[{"href":"https:\/\/apcrmed.ca\/en\/wp-json\/wp\/v2\/media?parent=2270"}],"wp:term":[{"taxonomy":"product_brand","embeddable":true,"href":"https:\/\/apcrmed.ca\/en\/wp-json\/wp\/v2\/product_brand?post=2270"},{"taxonomy":"product_cat","embeddable":true,"href":"https:\/\/apcrmed.ca\/en\/wp-json\/wp\/v2\/product_cat?post=2270"},{"taxonomy":"product_tag","embeddable":true,"href":"https:\/\/apcrmed.ca\/en\/wp-json\/wp\/v2\/product_tag?post=2270"}],"curies":[{"name":"wp","href":"https:\/\/api.w.org\/{rel}","templated":true}]}}