{"id":2268,"date":"2025-07-28T11:40:23","date_gmt":"2025-07-28T15:40:23","guid":{"rendered":"https:\/\/apcrmed.ca\/?post_type=product&#038;p=2268"},"modified":"2025-07-31T15:27:04","modified_gmt":"2025-07-31T19:27:04","slug":"housse-ratine-reutilisable-pour-coussins-protecteurs-membres-inferieurs-un-pouce","status":"publish","type":"product","link":"https:\/\/apcrmed.ca\/en\/product\/housse-ratine-reutilisable-pour-coussins-protecteurs-membres-inferieurs-un-pouce\/","title":{"rendered":"Housse ratine r\u00e9utilisable pour coussins protecteurs membres inf\u00e9rieurs"},"content":{"rendered":"<p>Housse de ratine extensible de deux pouces d&#8217;\u00e9paisseur 100% polyester pour coussins protecteurs de membres inf\u00e9rieurs de couleur blanche. C&#8217;est une housse r\u00e9utilisable munie d&#8217;un repli pour refermer la housse.<\/p>","protected":false},"excerpt":{"rendered":"<p>Housse de ratine extensible de deux pouces d&#8217;\u00e9paisseur 100% polyester pour coussins protecteurs de membres inf\u00e9rieurs de couleur blanche. C&#8217;est une housse r\u00e9utilisable munie d&#8217;un repli pour refermer la housse.<\/p>","protected":false},"featured_media":2428,"template":"","meta":[],"product_brand":[],"product_cat":[8],"product_tag":[],"class_list":{"0":"post-2268","1":"product","2":"type-product","3":"status-publish","4":"has-post-thumbnail","6":"product_cat-housses","8":"first","9":"instock","10":"shipping-taxable","11":"purchasable","12":"product-type-simple"},"_links":{"self":[{"href":"https:\/\/apcrmed.ca\/en\/wp-json\/wp\/v2\/product\/2268","targetHints":{"allow":["GET"]}}],"collection":[{"href":"https:\/\/apcrmed.ca\/en\/wp-json\/wp\/v2\/product"}],"about":[{"href":"https:\/\/apcrmed.ca\/en\/wp-json\/wp\/v2\/types\/product"}],"wp:featuredmedia":[{"embeddable":true,"href":"https:\/\/apcrmed.ca\/en\/wp-json\/wp\/v2\/media\/2428"}],"wp:attachment":[{"href":"https:\/\/apcrmed.ca\/en\/wp-json\/wp\/v2\/media?parent=2268"}],"wp:term":[{"taxonomy":"product_brand","embeddable":true,"href":"https:\/\/apcrmed.ca\/en\/wp-json\/wp\/v2\/product_brand?post=2268"},{"taxonomy":"product_cat","embeddable":true,"href":"https:\/\/apcrmed.ca\/en\/wp-json\/wp\/v2\/product_cat?post=2268"},{"taxonomy":"product_tag","embeddable":true,"href":"https:\/\/apcrmed.ca\/en\/wp-json\/wp\/v2\/product_tag?post=2268"}],"curies":[{"name":"wp","href":"https:\/\/api.w.org\/{rel}","templated":true}]}}