{"id":2266,"date":"2025-07-28T11:36:04","date_gmt":"2025-07-28T15:36:04","guid":{"rendered":"https:\/\/apcrmed.ca\/?post_type=product&#038;p=2266"},"modified":"2025-08-01T15:25:44","modified_gmt":"2025-08-01T19:25:44","slug":"housse-de-pellicule-polyurethane-reutilisable","status":"publish","type":"product","link":"https:\/\/apcrmed.ca\/en\/product\/housse-de-pellicule-polyurethane-reutilisable\/","title":{"rendered":"Housse de pellicule polyur\u00e9thane r\u00e9utilisable"},"content":{"rendered":"<p>Housse faite de pellicule polyur\u00e9thane servant \u00e0 prot\u00e9ger divers coussins. Cette housse \u00e0 la particularit\u00e9 de pouvoir \u00eatre r\u00e9utilis\u00e9e, car celle-ci est munie d\u2019un repli qui ferme la housse. Le repli sert \u00e0 sortir les coussins comme bon nous semble et ce, sans \u00eatre oblig\u00e9 de d\u00e9chirer la housse et l\u2019endommager de fa\u00e7on permanente.<\/p>\n<p>Ces housses sont disponibles dans le deux pouces et trois pouces d&#8217;\u00e9paisseur. Les grandeurs disponibles sont vari\u00e9s:<\/p>\n<ul>\n<li>16 x 16 po<\/li>\n<li>18 x 16 po<\/li>\n<li>18 x 18 po<\/li>\n<li>20 x 18 po<\/li>\n<\/ul>\n<p>&nbsp;<\/p>\n<p>&nbsp;<\/p>","protected":false},"excerpt":{"rendered":"<p>Housse faite de pellicule polyur\u00e9thane servant \u00e0 prot\u00e9ger divers coussins. Cette housse \u00e0 la particularit\u00e9 de pouvoir \u00eatre r\u00e9utilis\u00e9e, car celle-ci est munie d\u2019un repli qui ferme la housse. Le repli sert \u00e0 sortir les coussins comme bon nous semble et ce, sans \u00eatre oblig\u00e9 de d\u00e9chirer la housse et l\u2019endommager de fa\u00e7on permanente. Ces [&hellip;]<\/p>","protected":false},"featured_media":2471,"template":"","meta":[],"product_brand":[],"product_cat":[8],"product_tag":[],"class_list":{"0":"post-2266","1":"product","2":"type-product","3":"status-publish","4":"has-post-thumbnail","6":"product_cat-housses","8":"first","9":"instock","10":"shipping-taxable","11":"purchasable","12":"product-type-simple"},"_links":{"self":[{"href":"https:\/\/apcrmed.ca\/en\/wp-json\/wp\/v2\/product\/2266","targetHints":{"allow":["GET"]}}],"collection":[{"href":"https:\/\/apcrmed.ca\/en\/wp-json\/wp\/v2\/product"}],"about":[{"href":"https:\/\/apcrmed.ca\/en\/wp-json\/wp\/v2\/types\/product"}],"wp:featuredmedia":[{"embeddable":true,"href":"https:\/\/apcrmed.ca\/en\/wp-json\/wp\/v2\/media\/2471"}],"wp:attachment":[{"href":"https:\/\/apcrmed.ca\/en\/wp-json\/wp\/v2\/media?parent=2266"}],"wp:term":[{"taxonomy":"product_brand","embeddable":true,"href":"https:\/\/apcrmed.ca\/en\/wp-json\/wp\/v2\/product_brand?post=2266"},{"taxonomy":"product_cat","embeddable":true,"href":"https:\/\/apcrmed.ca\/en\/wp-json\/wp\/v2\/product_cat?post=2266"},{"taxonomy":"product_tag","embeddable":true,"href":"https:\/\/apcrmed.ca\/en\/wp-json\/wp\/v2\/product_tag?post=2266"}],"curies":[{"name":"wp","href":"https:\/\/api.w.org\/{rel}","templated":true}]}}