{"id":2261,"date":"2025-07-28T11:26:38","date_gmt":"2025-07-28T15:26:38","guid":{"rendered":"https:\/\/apcrmed.ca\/?post_type=product&#038;p=2261"},"modified":"2025-08-01T15:14:40","modified_gmt":"2025-08-01T19:14:40","slug":"housse-de-coussins-en-lycra-fini-polyurethane-et-nylon","status":"publish","type":"product","link":"https:\/\/apcrmed.ca\/en\/product\/housse-de-coussins-en-lycra-fini-polyurethane-et-nylon\/","title":{"rendered":"Housse de coussins en lycra polyur\u00e9thane hydrofuge et nylon"},"content":{"rendered":"<p>Con\u00e7u \u00e0 partir de lycra polyur\u00e9thane hydrofuge sur le dessus (mat\u00e9riel de qualit\u00e9 sup\u00e9rieure) et de nylon en dessous. Permet d\u2019augmenter la durabilit\u00e9 des coussins en les prot\u00e9geant. C&#8217;est une housse facile \u00e0 installer gr\u00e2ce \u00e0 sa fermeture \u00e9clair. Aux deux extr\u00e9mit\u00e9s arri\u00e8res de la housse, il y a deux petites ganses qui permettant au personnel de fixer le coussin avec un lacet ou un cordon.<\/p>\n<p>De plus, les housses peuvent \u00eatre muni de velcros crochets ou boucles ou d\u2019un antid\u00e9rapant.<\/p>\n<p>Ces housses peuvent \u00eatre fabriqu\u00e9s dans le deux pouces, trois pouces et quatre pouces d&#8217;\u00e9paisseur et sont disponibles dans diff\u00e9rentes grandeurs:<\/p>\n<ul>\n<li>16 x 16 po<\/li>\n<li>17 x 17 po<\/li>\n<li>18 x 16 po<\/li>\n<li>18 x 18 po<\/li>\n<li>20 x 18 po<\/li>\n<li>Autres dimensions possibles<\/li>\n<\/ul>\n<p>Nous fabriquons des housses sur mesure \u00e0 la demande du client.<\/p>","protected":false},"excerpt":{"rendered":"<p>Con\u00e7u \u00e0 partir de lycra polyur\u00e9thane hydrofuge sur le dessus (mat\u00e9riel de qualit\u00e9 sup\u00e9rieure) et de nylon en dessous. Permet d\u2019augmenter la durabilit\u00e9 des coussins en les prot\u00e9geant. C&#8217;est une housse facile \u00e0 installer gr\u00e2ce \u00e0 sa fermeture \u00e9clair. Aux deux extr\u00e9mit\u00e9s arri\u00e8res de la housse, il y a deux petites ganses qui permettant au [&hellip;]<\/p>","protected":false},"featured_media":2467,"template":"","meta":[],"product_brand":[],"product_cat":[8],"product_tag":[],"class_list":{"0":"post-2261","1":"product","2":"type-product","3":"status-publish","4":"has-post-thumbnail","6":"product_cat-housses","8":"first","9":"instock","10":"shipping-taxable","11":"purchasable","12":"product-type-simple"},"_links":{"self":[{"href":"https:\/\/apcrmed.ca\/en\/wp-json\/wp\/v2\/product\/2261","targetHints":{"allow":["GET"]}}],"collection":[{"href":"https:\/\/apcrmed.ca\/en\/wp-json\/wp\/v2\/product"}],"about":[{"href":"https:\/\/apcrmed.ca\/en\/wp-json\/wp\/v2\/types\/product"}],"wp:featuredmedia":[{"embeddable":true,"href":"https:\/\/apcrmed.ca\/en\/wp-json\/wp\/v2\/media\/2467"}],"wp:attachment":[{"href":"https:\/\/apcrmed.ca\/en\/wp-json\/wp\/v2\/media?parent=2261"}],"wp:term":[{"taxonomy":"product_brand","embeddable":true,"href":"https:\/\/apcrmed.ca\/en\/wp-json\/wp\/v2\/product_brand?post=2261"},{"taxonomy":"product_cat","embeddable":true,"href":"https:\/\/apcrmed.ca\/en\/wp-json\/wp\/v2\/product_cat?post=2261"},{"taxonomy":"product_tag","embeddable":true,"href":"https:\/\/apcrmed.ca\/en\/wp-json\/wp\/v2\/product_tag?post=2261"}],"curies":[{"name":"wp","href":"https:\/\/api.w.org\/{rel}","templated":true}]}}