{"id":2259,"date":"2025-07-28T11:22:26","date_gmt":"2025-07-28T15:22:26","guid":{"rendered":"https:\/\/apcrmed.ca\/?post_type=product&#038;p=2259"},"modified":"2025-08-01T15:04:03","modified_gmt":"2025-08-01T19:04:03","slug":"housse-de-coussins-en-lycra-spandex-avec-fermeture-eclair","status":"publish","type":"product","link":"https:\/\/apcrmed.ca\/en\/product\/housse-de-coussins-en-lycra-spandex-avec-fermeture-eclair\/","title":{"rendered":"Housse de coussins en lycra Spandex avec fermeture \u00e9clair"},"content":{"rendered":"<p>Housse de lycra Spandex (mat\u00e9riel de qualit\u00e9 sup\u00e9rieure) permettant d\u2019augmenter la durabilit\u00e9 des coussins en les prot\u00e9geant. Celle-ci est munie d\u2019une fermeture \u00e9clair. Les clients ont le choix d\u2019avoir des velcros boucles ou crochets sur les c\u00f4t\u00e9s d\u00e9sir\u00e9s ou un antid\u00e9rapant. Il y a aussi sur les deux extr\u00e9mit\u00e9s arri\u00e8res du coussins deux petites ganses permettant au personnel de fixer les coussins avec un lacet ou un cordon.<\/p>\n<p>Les housses peuvent \u00eatre fabriqu\u00e9s dans le deux pouce, trois pouces et quatre pouces d&#8217;\u00e9paisseur et sont disponibles dans diff\u00e9rentes grandeurs:<\/p>\n<ul>\n<li>16 x 16 po<\/li>\n<li>17 x 17 po<\/li>\n<li>18 x 16 po<\/li>\n<li>18 x 18 po<\/li>\n<li>20 x 18 po<\/li>\n<li>Autres grandeurs possibles<\/li>\n<\/ul>\n<p>Nous fabriquons des housses sur mesure \u00e0 la demande du client.<\/p>\n<p>&nbsp;<\/p>","protected":false},"excerpt":{"rendered":"<p>Housse de lycra Spandex (mat\u00e9riel de qualit\u00e9 sup\u00e9rieure) permettant d\u2019augmenter la durabilit\u00e9 des coussins en les prot\u00e9geant. Celle-ci est munie d\u2019une fermeture \u00e9clair. Les clients ont le choix d\u2019avoir des velcros boucles ou crochets sur les c\u00f4t\u00e9s d\u00e9sir\u00e9s ou un antid\u00e9rapant. Il y a aussi sur les deux extr\u00e9mit\u00e9s arri\u00e8res du coussins deux petites ganses [&hellip;]<\/p>","protected":false},"featured_media":2465,"template":"","meta":[],"product_brand":[],"product_cat":[8],"product_tag":[],"class_list":{"0":"post-2259","1":"product","2":"type-product","3":"status-publish","4":"has-post-thumbnail","6":"product_cat-housses","8":"first","9":"instock","10":"shipping-taxable","11":"purchasable","12":"product-type-simple"},"_links":{"self":[{"href":"https:\/\/apcrmed.ca\/en\/wp-json\/wp\/v2\/product\/2259","targetHints":{"allow":["GET"]}}],"collection":[{"href":"https:\/\/apcrmed.ca\/en\/wp-json\/wp\/v2\/product"}],"about":[{"href":"https:\/\/apcrmed.ca\/en\/wp-json\/wp\/v2\/types\/product"}],"wp:featuredmedia":[{"embeddable":true,"href":"https:\/\/apcrmed.ca\/en\/wp-json\/wp\/v2\/media\/2465"}],"wp:attachment":[{"href":"https:\/\/apcrmed.ca\/en\/wp-json\/wp\/v2\/media?parent=2259"}],"wp:term":[{"taxonomy":"product_brand","embeddable":true,"href":"https:\/\/apcrmed.ca\/en\/wp-json\/wp\/v2\/product_brand?post=2259"},{"taxonomy":"product_cat","embeddable":true,"href":"https:\/\/apcrmed.ca\/en\/wp-json\/wp\/v2\/product_cat?post=2259"},{"taxonomy":"product_tag","embeddable":true,"href":"https:\/\/apcrmed.ca\/en\/wp-json\/wp\/v2\/product_tag?post=2259"}],"curies":[{"name":"wp","href":"https:\/\/api.w.org\/{rel}","templated":true}]}}