{"id":112,"date":"2021-11-30T15:57:26","date_gmt":"2021-11-30T15:57:26","guid":{"rendered":"https:\/\/startersites.io\/blocksy\/petsy\/?post_type=product&#038;p=112"},"modified":"2025-08-01T10:39:31","modified_gmt":"2025-08-01T14:39:31","slug":"housse-de-coussins-en-lycra-spandex-avec-grande-ouverture-elastique-facile-a-enfiler","status":"publish","type":"product","link":"https:\/\/apcrmed.ca\/en\/product\/housse-de-coussins-en-lycra-spandex-avec-grande-ouverture-elastique-facile-a-enfiler\/","title":{"rendered":"Housse de coussins en lycra Spandex avec grande ouverture \u00e9lastique"},"content":{"rendered":"<p>Housse de lycra Spandex (mat\u00e9riel de qualit\u00e9 sup\u00e9rieure) avec \u00e9lastique augmentant la durabilit\u00e9 des coussins en les prot\u00e9geant. S&#8217;installe et se retire plus facilement gr\u00e2ce au trou qu\u2019il y a en dessous. Au besoin, le client peut avoir des velcros boucles ou crochets sur les c\u00f4t\u00e9s d\u00e9sir\u00e9s. Il y a aussi, sur les deux extr\u00e9mit\u00e9s arri\u00e8res des housses, deux petites ganses qui permettant au personnel de fixer le coussin avec un lacet ou un cordon.<\/p>\n<p>Les housses peuvent \u00eatre fabriqu\u00e9s dans le deux pouces, trois pouces et quatre pouces d&#8217;\u00e9paisseur et sont disponibles dans diff\u00e9rentes grandeurs:<\/p>\n<ul>\n<li>16 x 16 po<\/li>\n<li>17 x 17 po<\/li>\n<li>18 x 16 po<\/li>\n<li>18 x 18 po<\/li>\n<li>20 x 18 po<\/li>\n<li>Autres grandeurs possibles<\/li>\n<\/ul>\n<p>Nous fabriquons des housses sur mesure \u00e0 la demande du client.<\/p>","protected":false},"excerpt":{"rendered":"<p>Housse de lycra Spandex (mat\u00e9riel de qualit\u00e9 sup\u00e9rieure) avec \u00e9lastique augmentant la durabilit\u00e9 des coussins en les prot\u00e9geant. S&#8217;installe et se retire plus facilement gr\u00e2ce au trou qu\u2019il y a en dessous. Au besoin, le client peut avoir des velcros boucles ou crochets sur les c\u00f4t\u00e9s d\u00e9sir\u00e9s. Il y a aussi, sur les deux extr\u00e9mit\u00e9s [&hellip;]<\/p>","protected":false},"featured_media":2440,"template":"","meta":[],"product_brand":[],"product_cat":[8],"product_tag":[],"class_list":{"0":"post-112","1":"product","2":"type-product","3":"status-publish","4":"has-post-thumbnail","6":"product_cat-housses","8":"first","9":"instock","10":"shipping-taxable","11":"purchasable","12":"product-type-simple"},"_links":{"self":[{"href":"https:\/\/apcrmed.ca\/en\/wp-json\/wp\/v2\/product\/112","targetHints":{"allow":["GET"]}}],"collection":[{"href":"https:\/\/apcrmed.ca\/en\/wp-json\/wp\/v2\/product"}],"about":[{"href":"https:\/\/apcrmed.ca\/en\/wp-json\/wp\/v2\/types\/product"}],"wp:featuredmedia":[{"embeddable":true,"href":"https:\/\/apcrmed.ca\/en\/wp-json\/wp\/v2\/media\/2440"}],"wp:attachment":[{"href":"https:\/\/apcrmed.ca\/en\/wp-json\/wp\/v2\/media?parent=112"}],"wp:term":[{"taxonomy":"product_brand","embeddable":true,"href":"https:\/\/apcrmed.ca\/en\/wp-json\/wp\/v2\/product_brand?post=112"},{"taxonomy":"product_cat","embeddable":true,"href":"https:\/\/apcrmed.ca\/en\/wp-json\/wp\/v2\/product_cat?post=112"},{"taxonomy":"product_tag","embeddable":true,"href":"https:\/\/apcrmed.ca\/en\/wp-json\/wp\/v2\/product_tag?post=112"}],"curies":[{"name":"wp","href":"https:\/\/api.w.org\/{rel}","templated":true}]}}