{"id":110,"date":"2021-11-30T15:56:14","date_gmt":"2021-11-30T15:56:14","guid":{"rendered":"https:\/\/startersites.io\/blocksy\/petsy\/?post_type=product&#038;p=110"},"modified":"2025-07-31T15:41:46","modified_gmt":"2025-07-31T19:41:46","slug":"alaise-glissante-avec-antiderapants","status":"publish","type":"product","link":"https:\/\/apcrmed.ca\/en\/product\/alaise-glissante-avec-antiderapants\/","title":{"rendered":"Alaise glissante avec antid\u00e9rapants"},"content":{"rendered":"<p>L\u2019alaise glissante est faite de nylon imperm\u00e9able avec un antid\u00e9rapant blanc de chaque c\u00f4t\u00e9, sur la largeur. Ce produit est utilis\u00e9 principalement pour les personnes de forte corpulence. L\u2019alaise glissante se place en dessous d\u2019un piqu\u00e9 pour faciliter le d\u00e9placement du patient. Aussi disponible pour lit double.<\/p>\n<p>Nous fabriquons des alaises glissantes sur mesure \u00e0 la demande du client.<\/p>\n<p>&nbsp;<\/p>","protected":false},"excerpt":{"rendered":"<p>Alaise glissante en nylon imperm\u00e9able et antid\u00e9rapant blanc.<\/p>","protected":false},"featured_media":2432,"template":"","meta":[],"product_brand":[],"product_cat":[7],"product_tag":[],"class_list":{"0":"post-110","1":"product","2":"type-product","3":"status-publish","4":"has-post-thumbnail","6":"product_cat-materiel-medical","8":"first","9":"instock","10":"shipping-taxable","11":"purchasable","12":"product-type-simple"},"_links":{"self":[{"href":"https:\/\/apcrmed.ca\/en\/wp-json\/wp\/v2\/product\/110","targetHints":{"allow":["GET"]}}],"collection":[{"href":"https:\/\/apcrmed.ca\/en\/wp-json\/wp\/v2\/product"}],"about":[{"href":"https:\/\/apcrmed.ca\/en\/wp-json\/wp\/v2\/types\/product"}],"wp:featuredmedia":[{"embeddable":true,"href":"https:\/\/apcrmed.ca\/en\/wp-json\/wp\/v2\/media\/2432"}],"wp:attachment":[{"href":"https:\/\/apcrmed.ca\/en\/wp-json\/wp\/v2\/media?parent=110"}],"wp:term":[{"taxonomy":"product_brand","embeddable":true,"href":"https:\/\/apcrmed.ca\/en\/wp-json\/wp\/v2\/product_brand?post=110"},{"taxonomy":"product_cat","embeddable":true,"href":"https:\/\/apcrmed.ca\/en\/wp-json\/wp\/v2\/product_cat?post=110"},{"taxonomy":"product_tag","embeddable":true,"href":"https:\/\/apcrmed.ca\/en\/wp-json\/wp\/v2\/product_tag?post=110"}],"curies":[{"name":"wp","href":"https:\/\/api.w.org\/{rel}","templated":true}]}}