{"id":107,"date":"2021-11-30T15:52:16","date_gmt":"2021-11-30T15:52:16","guid":{"rendered":"https:\/\/startersites.io\/blocksy\/petsy\/?post_type=product&#038;p=107"},"modified":"2025-08-01T13:35:27","modified_gmt":"2025-08-01T17:35:27","slug":"pique-glissant-de-transfert","status":"publish","type":"product","link":"https:\/\/apcrmed.ca\/en\/product\/pique-glissant-de-transfert\/","title":{"rendered":"Piqu\u00e9 glissant de transfert"},"content":{"rendered":"<p>Le piqu\u00e9 glissant est fait de poly-coton blanc sur le dessus et de nylon imperm\u00e9able en dessous. Le piqu\u00e9 est lui-m\u00eame renforc\u00e9 par du biais. Permet de faciliter le d\u00e9placement du patient gr\u00e2ce aux poign\u00e9es qu\u2019il y a de chaque c\u00f4t\u00e9, ce qui, par le fait m\u00eame, rend le travail des professionnels plus s\u00e9curitaire et minimise les risques de blessures. Le c\u00f4t\u00e9 des poign\u00e9es est au choix.<\/p>\n<p>Nous fabriquons des piqu\u00e9s sur mesure \u00e0 la demande du client.<\/p>\n<p>&nbsp;<\/p>","protected":false},"excerpt":{"rendered":"<p>Piqu\u00e9 glissant en poly-coton blanc et de nylon imperm\u00e9able avec poign\u00e9es.<\/p>","protected":false},"featured_media":2454,"template":"","meta":[],"product_brand":[],"product_cat":[23],"product_tag":[],"class_list":{"0":"post-107","1":"product","2":"type-product","3":"status-publish","4":"has-post-thumbnail","6":"product_cat-incontinence","8":"first","9":"instock","10":"shipping-taxable","11":"purchasable","12":"product-type-simple"},"_links":{"self":[{"href":"https:\/\/apcrmed.ca\/en\/wp-json\/wp\/v2\/product\/107","targetHints":{"allow":["GET"]}}],"collection":[{"href":"https:\/\/apcrmed.ca\/en\/wp-json\/wp\/v2\/product"}],"about":[{"href":"https:\/\/apcrmed.ca\/en\/wp-json\/wp\/v2\/types\/product"}],"wp:featuredmedia":[{"embeddable":true,"href":"https:\/\/apcrmed.ca\/en\/wp-json\/wp\/v2\/media\/2454"}],"wp:attachment":[{"href":"https:\/\/apcrmed.ca\/en\/wp-json\/wp\/v2\/media?parent=107"}],"wp:term":[{"taxonomy":"product_brand","embeddable":true,"href":"https:\/\/apcrmed.ca\/en\/wp-json\/wp\/v2\/product_brand?post=107"},{"taxonomy":"product_cat","embeddable":true,"href":"https:\/\/apcrmed.ca\/en\/wp-json\/wp\/v2\/product_cat?post=107"},{"taxonomy":"product_tag","embeddable":true,"href":"https:\/\/apcrmed.ca\/en\/wp-json\/wp\/v2\/product_tag?post=107"}],"curies":[{"name":"wp","href":"https:\/\/api.w.org\/{rel}","templated":true}]}}