{"id":2489,"date":"2025-08-04T13:57:07","date_gmt":"2025-08-04T17:57:07","guid":{"rendered":"https:\/\/apcrmed.ca\/?page_id=2489"},"modified":"2025-08-28T14:54:25","modified_gmt":"2025-08-28T18:54:25","slug":"elementor-2489","status":"publish","type":"page","link":"https:\/\/apcrmed.ca\/en\/elementor-2489\/","title":{"rendered":"Estim\u00e9"},"content":{"rendered":"<div data-elementor-type=\"wp-page\" data-elementor-id=\"2489\" class=\"elementor elementor-2489\" data-elementor-post-type=\"page\">\n\t\t\t\t<div class=\"elementor-element elementor-element-aca36ed e-flex e-con-boxed e-con e-parent\" data-id=\"aca36ed\" data-element_type=\"container\">\n\t\t\t\t\t<div class=\"e-con-inner\">\n\t\t\t\t<div class=\"elementor-element elementor-element-098b92d elementor-widget elementor-widget-heading\" data-id=\"098b92d\" data-element_type=\"widget\" data-widget_type=\"heading.default\">\n\t\t\t\t<div class=\"elementor-widget-container\">\n\t\t\t\t\t<h2 class=\"elementor-heading-title elementor-size-default\">Estim\u00e9<\/h2>\t\t\t\t<\/div>\n\t\t\t\t<\/div>\n\t\t\t\t\t<\/div>\n\t\t\t\t<\/div>\n\t\t<div class=\"elementor-element elementor-element-51c8fa0 e-flex e-con-boxed e-con e-parent\" data-id=\"51c8fa0\" data-element_type=\"container\">\n\t\t\t\t\t<div class=\"e-con-inner\">\n\t\t<div class=\"elementor-element elementor-element-d6db7cb e-con-full e-flex e-con e-child\" data-id=\"d6db7cb\" data-element_type=\"container\">\n\t\t\t\t<div class=\"elementor-element elementor-element-1589e0a elementor-widget elementor-widget-image\" data-id=\"1589e0a\" data-element_type=\"widget\" data-widget_type=\"image.default\">\n\t\t\t\t<div class=\"elementor-widget-container\">\n\t\t\t\t\t\t\t\t\t\t\t\t\t\t\t<img fetchpriority=\"high\" decoding=\"async\" width=\"1024\" height=\"603\" src=\"https:\/\/apcrmed.ca\/wp-content\/uploads\/2025\/08\/385506-1024x603.jpg\" class=\"attachment-large size-large wp-image-2491\" alt=\"calculator, calculation, insurance, finance, accounting, pen, fountain pen, investment, office, work, taxes, calculator, insurance, insurance, finance, finance, finance, finance, finance, accounting, accounting, accounting, investment, taxes\" srcset=\"https:\/\/apcrmed.ca\/wp-content\/uploads\/2025\/08\/385506-1024x603.jpg 1024w, https:\/\/apcrmed.ca\/wp-content\/uploads\/2025\/08\/385506-300x177.jpg 300w, https:\/\/apcrmed.ca\/wp-content\/uploads\/2025\/08\/385506-768x452.jpg 768w, https:\/\/apcrmed.ca\/wp-content\/uploads\/2025\/08\/385506-18x12.jpg 18w, https:\/\/apcrmed.ca\/wp-content\/uploads\/2025\/08\/385506-600x353.jpg 600w, https:\/\/apcrmed.ca\/wp-content\/uploads\/2025\/08\/385506.jpg 1280w\" sizes=\"(max-width: 1024px) 100vw, 1024px\" \/>\t\t\t\t\t\t\t\t\t\t\t\t\t\t\t<\/div>\n\t\t\t\t<\/div>\n\t\t\t\t<\/div>\n\t\t<div class=\"elementor-element elementor-element-9792d42 e-con-full e-flex e-con e-child\" data-id=\"9792d42\" data-element_type=\"container\">\n\t\t\t\t<div class=\"elementor-element elementor-element-2ffce2e elementor-widget elementor-widget-text-editor\" data-id=\"2ffce2e\" data-element_type=\"widget\" data-widget_type=\"text-editor.default\">\n\t\t\t\t<div class=\"elementor-widget-container\">\n\t\t\t\t\t\t\t\t\t<p><em><strong>Pour toutes demandes de prix concernant un de nos produits ou pour toutes demandes sp\u00e9ciales, nous vous invitons \u00e0 remplir le formulaire ci-bas.<\/strong><\/em><\/p>\t\t\t\t\t\t\t\t<\/div>\n\t\t\t\t<\/div>\n\t\t\t\t<\/div>\n\t\t\t\t\t<\/div>\n\t\t\t\t<\/div>\n\t\t<div class=\"elementor-element elementor-element-17dbc7c e-flex e-con-boxed e-con e-parent\" data-id=\"17dbc7c\" data-element_type=\"container\">\n\t\t\t\t\t<div class=\"e-con-inner\">\n\t\t\t\t<div class=\"elementor-element elementor-element-ff31439 elementor-widget elementor-widget-heading\" data-id=\"ff31439\" data-element_type=\"widget\" data-widget_type=\"heading.default\">\n\t\t\t\t<div class=\"elementor-widget-container\">\n\t\t\t\t\t<h2 class=\"elementor-heading-title elementor-size-default\">Demande d'estim\u00e9<\/h2>\t\t\t\t<\/div>\n\t\t\t\t<\/div>\n\t\t\t\t\t<\/div>\n\t\t\t\t<\/div>\n\t\t<div class=\"elementor-element elementor-element-60ca461 e-flex e-con-boxed e-con e-parent\" data-id=\"60ca461\" data-element_type=\"container\">\n\t\t\t\t\t<div class=\"e-con-inner\">\n\t\t\t\t<div class=\"elementor-element elementor-element-83b06b9 elementor-button-align-stretch elementor-widget elementor-widget-form\" data-id=\"83b06b9\" data-element_type=\"widget\" data-settings=\"{&quot;step_next_label&quot;:&quot;Suivant&quot;,&quot;step_previous_label&quot;:&quot;Pr\\u00e9c\\u00e9dent&quot;,&quot;button_width&quot;:&quot;100&quot;,&quot;step_type&quot;:&quot;number_text&quot;,&quot;step_icon_shape&quot;:&quot;circle&quot;}\" data-widget_type=\"form.default\">\n\t\t\t\t<div class=\"elementor-widget-container\">\n\t\t\t\t\t\t\t<form class=\"elementor-form\" method=\"post\" name=\"Nouveau formulaire\" aria-label=\"Nouveau formulaire\" action=\"\">\n\t\t\t<input type=\"hidden\" name=\"post_id\" value=\"2489\"\/>\n\t\t\t<input type=\"hidden\" name=\"form_id\" value=\"83b06b9\"\/>\n\t\t\t<input type=\"hidden\" name=\"referer_title\" value=\"Estim\u00e9\" \/>\n\n\t\t\t\t\t\t\t<input type=\"hidden\" name=\"queried_id\" value=\"2489\"\/>\n\t\t\t\n\t\t\t<div class=\"elementor-form-fields-wrapper elementor-labels-above\">\n\t\t\t\t\t\t\t\t<div class=\"elementor-field-type-text elementor-field-group elementor-column elementor-field-group-name elementor-col-30\">\n\t\t\t\t\t\t\t\t\t\t\t\t<label for=\"form-field-name\" class=\"elementor-field-label\">\n\t\t\t\t\t\t\t\tNom Complet\t\t\t\t\t\t\t<\/label>\n\t\t\t\t\t\t\t\t\t\t\t\t\t\t<input size=\"1\" type=\"text\" name=\"form_fields[name]\" id=\"form-field-name\" class=\"elementor-field elementor-size-sm  elementor-field-textual\" placeholder=\"Marie Tardif\">\n\t\t\t\t\t\t\t\t\t\t\t<\/div>\n\t\t\t\t\t\t\t\t<div class=\"elementor-field-type-text elementor-field-group elementor-column elementor-field-group-field_a3d1a82 elementor-col-25\">\n\t\t\t\t\t\t\t\t\t\t\t\t<label for=\"form-field-field_a3d1a82\" class=\"elementor-field-label\">\n\t\t\t\t\t\t\t\tStatut\t\t\t\t\t\t\t<\/label>\n\t\t\t\t\t\t\t\t\t\t\t\t\t\t<input size=\"1\" type=\"text\" name=\"form_fields[field_a3d1a82]\" id=\"form-field-field_a3d1a82\" class=\"elementor-field elementor-size-sm  elementor-field-textual\" placeholder=\"Ergoth\u00e9rapeute\">\n\t\t\t\t\t\t\t\t\t\t\t<\/div>\n\t\t\t\t\t\t\t\t<div class=\"elementor-field-type-tel elementor-field-group elementor-column elementor-field-group-field_0e4ecf9 elementor-col-20\">\n\t\t\t\t\t\t\t\t\t\t\t\t<label for=\"form-field-field_0e4ecf9\" class=\"elementor-field-label\">\n\t\t\t\t\t\t\t\tTelephone\t\t\t\t\t\t\t<\/label>\n\t\t\t\t\t\t\t\t<input size=\"1\" type=\"tel\" name=\"form_fields[field_0e4ecf9]\" id=\"form-field-field_0e4ecf9\" class=\"elementor-field elementor-size-sm  elementor-field-textual\" placeholder=\"0000-000-000\" pattern=\"[0-9()#&amp;+*-=.]+\" title=\"Seuls les caract\u00e8res de num\u00e9ros de t\u00e9l\u00e9phone (#, -, *, etc.) sont accept\u00e9s.\">\n\n\t\t\t\t\t\t<\/div>\n\t\t\t\t\t\t\t\t<div class=\"elementor-field-type-text elementor-field-group elementor-column elementor-field-group-field_e138e9c elementor-col-20\">\n\t\t\t\t\t\t\t\t\t\t\t\t<label for=\"form-field-field_e138e9c\" class=\"elementor-field-label\">\n\t\t\t\t\t\t\t\tNum\u00e9ro de poste\t\t\t\t\t\t\t<\/label>\n\t\t\t\t\t\t\t\t\t\t\t\t\t\t<input size=\"1\" type=\"text\" name=\"form_fields[field_e138e9c]\" id=\"form-field-field_e138e9c\" class=\"elementor-field elementor-size-sm  elementor-field-textual\" placeholder=\"222222\">\n\t\t\t\t\t\t\t\t\t\t\t<\/div>\n\t\t\t\t\t\t\t\t<div class=\"elementor-field-type-email elementor-field-group elementor-column elementor-field-group-email elementor-col-50 elementor-field-required\">\n\t\t\t\t\t\t\t\t\t\t\t\t<label for=\"form-field-email\" class=\"elementor-field-label\">\n\t\t\t\t\t\t\t\tE-mail\t\t\t\t\t\t\t<\/label>\n\t\t\t\t\t\t\t\t\t\t\t\t\t\t<input size=\"1\" type=\"email\" name=\"form_fields[email]\" id=\"form-field-email\" class=\"elementor-field elementor-size-sm  elementor-field-textual\" placeholder=\"marietardif@hotmail.com\" required=\"required\">\n\t\t\t\t\t\t\t\t\t\t\t<\/div>\n\t\t\t\t\t\t\t\t<div class=\"elementor-field-type-checkbox elementor-field-group elementor-column elementor-field-group-field_8831dd2 elementor-col-20\">\n\t\t\t\t\t\t\t\t\t\t\t\t<label for=\"form-field-field_8831dd2\" class=\"elementor-field-label\">\n\t\t\t\t\t\t\t\tAvez-vous un transporteur?\t\t\t\t\t\t\t<\/label>\n\t\t\t\t\t\t<div class=\"elementor-field-subgroup\"><span class=\"elementor-field-option\"><input type=\"checkbox\" value=\"Oui\" id=\"form-field-field_8831dd2-0\" name=\"form_fields[field_8831dd2][]\"> <label for=\"form-field-field_8831dd2-0\">Oui<\/label><\/span><span class=\"elementor-field-option\"><input type=\"checkbox\" value=\"Non\" id=\"form-field-field_8831dd2-1\" name=\"form_fields[field_8831dd2][]\"> <label for=\"form-field-field_8831dd2-1\">Non<\/label><\/span><\/div>\t\t\t\t<\/div>\n\t\t\t\t\t\t\t\t<div class=\"elementor-field-type-textarea elementor-field-group elementor-column elementor-field-group-message elementor-col-100\">\n\t\t\t\t\t\t\t\t\t\t\t\t<label for=\"form-field-message\" class=\"elementor-field-label\">\n\t\t\t\t\t\t\t\tDescription d\u00e9taill\u00e9e\t\t\t\t\t\t\t<\/label>\n\t\t\t\t\t\t<textarea class=\"elementor-field-textual elementor-field  elementor-size-sm\" name=\"form_fields[message]\" id=\"form-field-message\" rows=\"4\" placeholder=\"Donnez-nous une description d\u00e9taill\u00e9s du ou des produits souhait\u00e9s (Longueur\/largeur\/\u00e9paisseur, mat\u00e9riel souhait\u00e9, etc). Donnez-nous le plus d&#039;informations possibles afin que soyons en mesure de vous offrir des produits adapt\u00e9s \u00e0 vos besoins.\"><\/textarea>\t\t\t\t<\/div>\n\t\t\t\t\t\t\t\t<div class=\"elementor-field-group elementor-column elementor-field-type-submit elementor-col-100 e-form__buttons\">\n\t\t\t\t\t<button class=\"elementor-button elementor-size-sm\" type=\"submit\">\n\t\t\t\t\t\t<span class=\"elementor-button-content-wrapper\">\n\t\t\t\t\t\t\t\t\t\t\t\t\t\t\t\t\t\t\t\t\t\t<span class=\"elementor-button-text\">Envoyer<\/span>\n\t\t\t\t\t\t\t\t\t\t\t\t\t<\/span>\n\t\t\t\t\t<\/button>\n\t\t\t\t<\/div>\n\t\t\t<\/div>\n\t\t<input type=\"hidden\" name=\"trp-form-language\" value=\"en\"\/><\/form>\n\t\t\t\t\t\t<\/div>\n\t\t\t\t<\/div>\n\t\t\t\t\t<\/div>\n\t\t\t\t<\/div>\n\t\t\t\t<\/div>","protected":false},"excerpt":{"rendered":"<p>Estim\u00e9 Pour toutes demandes de prix concernant un de nos produits ou pour toutes demandes sp\u00e9ciales, nous vous invitons \u00e0 remplir le formulaire ci-bas. Demande d&#8217;estim\u00e9<\/p>","protected":false},"author":1,"featured_media":0,"parent":0,"menu_order":0,"comment_status":"closed","ping_status":"closed","template":"","meta":{"footnotes":""},"class_list":["post-2489","page","type-page","status-publish","hentry"],"blocksy_meta":[],"_links":{"self":[{"href":"https:\/\/apcrmed.ca\/en\/wp-json\/wp\/v2\/pages\/2489","targetHints":{"allow":["GET"]}}],"collection":[{"href":"https:\/\/apcrmed.ca\/en\/wp-json\/wp\/v2\/pages"}],"about":[{"href":"https:\/\/apcrmed.ca\/en\/wp-json\/wp\/v2\/types\/page"}],"author":[{"embeddable":true,"href":"https:\/\/apcrmed.ca\/en\/wp-json\/wp\/v2\/users\/1"}],"replies":[{"embeddable":true,"href":"https:\/\/apcrmed.ca\/en\/wp-json\/wp\/v2\/comments?post=2489"}],"version-history":[{"count":19,"href":"https:\/\/apcrmed.ca\/en\/wp-json\/wp\/v2\/pages\/2489\/revisions"}],"predecessor-version":[{"id":2594,"href":"https:\/\/apcrmed.ca\/en\/wp-json\/wp\/v2\/pages\/2489\/revisions\/2594"}],"wp:attachment":[{"href":"https:\/\/apcrmed.ca\/en\/wp-json\/wp\/v2\/media?parent=2489"}],"curies":[{"name":"wp","href":"https:\/\/api.w.org\/{rel}","templated":true}]}}